{"id":307,"date":"2024-02-01T20:38:25","date_gmt":"2024-02-01T19:38:25","guid":{"rendered":"https:\/\/cttgranollers.cat\/?page_id=307"},"modified":"2024-02-20T13:58:31","modified_gmt":"2024-02-20T12:58:31","slug":"inicie","status":"publish","type":"page","link":"https:\/\/cttgranollers.cat\/","title":{"rendered":"INICI"},"content":{"rendered":"\n\n<div class=\"ngg-galleryoverview ngg-slideshow\"\n\tid=\"ngg-slideshow-cd324b2ebb1d501360e74d55698da7de-17589266860\"\n\tdata-gallery-id=\"cd324b2ebb1d501360e74d55698da7de\"\n\tstyle=\"max-width: 1050px;\n\t\t\tmax-height: 500px;\n\t\t\tdisplay: none;\">\n\n\t\n\t\t<a href=\"https:\/\/cttgranollers.cat\/wp-content\/gallery\/portada\/jugador-4-club.jpeg\"\n\t\t\ttitle=\"\"\n\t\t\tdata-src=\"https:\/\/cttgranollers.cat\/wp-content\/gallery\/portada\/jugador-4-club.jpeg\"\n\t\t\tdata-thumbnail=\"https:\/\/cttgranollers.cat\/wp-content\/gallery\/portada\/thumbs\/thumbs-jugador-4-club.jpeg\"\n\t\t\tdata-image-id=\"34\"\n\t\t\tdata-title=\"jugador-4-club\"\n\t\t\tdata-description=\"\"\n\t\t\tclass=\"ngg-simplelightbox\" rel=\"cd324b2ebb1d501360e74d55698da7de\">\n\n\t\t\t<img data-image-id='34'\n\t\t\t\ttitle=\"\"\n\t\t\t\talt=\"jugador-4-club\"\n\t\t\t\tsrc=\"https:\/\/cttgranollers.cat\/wp-content\/gallery\/portada\/jugador-4-club.jpeg\"\n\t\t\t\tstyle=\"max-height: 480px;\"\/>\n\t\t<\/a>\n\n\t\t\n\t\t<a href=\"https:\/\/cttgranollers.cat\/wp-content\/gallery\/portada\/primer-partit-oficial-Equip-A-2021.png\"\n\t\t\ttitle=\"\"\n\t\t\tdata-src=\"https:\/\/cttgranollers.cat\/wp-content\/gallery\/portada\/primer-partit-oficial-Equip-A-2021.png\"\n\t\t\tdata-thumbnail=\"https:\/\/cttgranollers.cat\/wp-content\/gallery\/portada\/thumbs\/thumbs-primer-partit-oficial-Equip-A-2021.png\"\n\t\t\tdata-image-id=\"35\"\n\t\t\tdata-title=\"primer-partit-oficial-Equip-A-2021\"\n\t\t\tdata-description=\"\"\n\t\t\tclass=\"ngg-simplelightbox\" rel=\"cd324b2ebb1d501360e74d55698da7de\">\n\n\t\t\t<img data-image-id='35'\n\t\t\t\ttitle=\"\"\n\t\t\t\talt=\"primer-partit-oficial-Equip-A-2021\"\n\t\t\t\tsrc=\"https:\/\/cttgranollers.cat\/wp-content\/gallery\/portada\/primer-partit-oficial-Equip-A-2021.png\"\n\t\t\t\tstyle=\"max-height: 480px;\"\/>\n\t\t<\/a>\n\n\t\t\n\t\t<a href=\"https:\/\/cttgranollers.cat\/wp-content\/gallery\/portada\/jugador-3-club.jpeg\"\n\t\t\ttitle=\"\"\n\t\t\tdata-src=\"https:\/\/cttgranollers.cat\/wp-content\/gallery\/portada\/jugador-3-club.jpeg\"\n\t\t\tdata-thumbnail=\"https:\/\/cttgranollers.cat\/wp-content\/gallery\/portada\/thumbs\/thumbs-jugador-3-club.jpeg\"\n\t\t\tdata-image-id=\"36\"\n\t\t\tdata-title=\"jugador-3-club\"\n\t\t\tdata-description=\"\"\n\t\t\tclass=\"ngg-simplelightbox\" rel=\"cd324b2ebb1d501360e74d55698da7de\">\n\n\t\t\t<img data-image-id='36'\n\t\t\t\ttitle=\"\"\n\t\t\t\talt=\"jugador-3-club\"\n\t\t\t\tsrc=\"https:\/\/cttgranollers.cat\/wp-content\/gallery\/portada\/jugador-3-club.jpeg\"\n\t\t\t\tstyle=\"max-height: 480px;\"\/>\n\t\t<\/a>\n\n\t\t\n\t\t<a href=\"https:\/\/cttgranollers.cat\/wp-content\/gallery\/portada\/Campions-Torneig-destiu-de-Santa-Eulalia-2022.jpg\"\n\t\t\ttitle=\"\"\n\t\t\tdata-src=\"https:\/\/cttgranollers.cat\/wp-content\/gallery\/portada\/Campions-Torneig-destiu-de-Santa-Eulalia-2022.jpg\"\n\t\t\tdata-thumbnail=\"https:\/\/cttgranollers.cat\/wp-content\/gallery\/portada\/thumbs\/thumbs-Campions-Torneig-destiu-de-Santa-Eulalia-2022.jpg\"\n\t\t\tdata-image-id=\"37\"\n\t\t\tdata-title=\"OLYMPUS DIGITAL CAMERA\"\n\t\t\tdata-description=\"\"\n\t\t\tclass=\"ngg-simplelightbox\" rel=\"cd324b2ebb1d501360e74d55698da7de\">\n\n\t\t\t<img data-image-id='37'\n\t\t\t\ttitle=\"\"\n\t\t\t\talt=\"OLYMPUS DIGITAL CAMERA\"\n\t\t\t\tsrc=\"https:\/\/cttgranollers.cat\/wp-content\/gallery\/portada\/Campions-Torneig-destiu-de-Santa-Eulalia-2022.jpg\"\n\t\t\t\tstyle=\"max-height: 480px;\"\/>\n\t\t<\/a>\n\n\t\t\n\t\t<a href=\"https:\/\/cttgranollers.cat\/wp-content\/gallery\/portada\/jugador-6.JPG\"\n\t\t\ttitle=\"\"\n\t\t\tdata-src=\"https:\/\/cttgranollers.cat\/wp-content\/gallery\/portada\/jugador-6.JPG\"\n\t\t\tdata-thumbnail=\"https:\/\/cttgranollers.cat\/wp-content\/gallery\/portada\/thumbs\/thumbs-jugador-6.JPG\"\n\t\t\tdata-image-id=\"38\"\n\t\t\tdata-title=\"OLYMPUS DIGITAL CAMERA\"\n\t\t\tdata-description=\"\"\n\t\t\tclass=\"ngg-simplelightbox\" rel=\"cd324b2ebb1d501360e74d55698da7de\">\n\n\t\t\t<img data-image-id='38'\n\t\t\t\ttitle=\"\"\n\t\t\t\talt=\"OLYMPUS DIGITAL CAMERA\"\n\t\t\t\tsrc=\"https:\/\/cttgranollers.cat\/wp-content\/gallery\/portada\/jugador-6.JPG\"\n\t\t\t\tstyle=\"max-height: 480px;\"\/>\n\t\t<\/a>\n\n\t\t\n\t\t<a href=\"https:\/\/cttgranollers.cat\/wp-content\/gallery\/portada\/Primer-partit-oficial-Equip-B-2021.jpg\"\n\t\t\ttitle=\"\"\n\t\t\tdata-src=\"https:\/\/cttgranollers.cat\/wp-content\/gallery\/portada\/Primer-partit-oficial-Equip-B-2021.jpg\"\n\t\t\tdata-thumbnail=\"https:\/\/cttgranollers.cat\/wp-content\/gallery\/portada\/thumbs\/thumbs-Primer-partit-oficial-Equip-B-2021.jpg\"\n\t\t\tdata-image-id=\"39\"\n\t\t\tdata-title=\"Primer-partit-oficial-Equip-B-2021\"\n\t\t\tdata-description=\"\"\n\t\t\tclass=\"ngg-simplelightbox\" rel=\"cd324b2ebb1d501360e74d55698da7de\">\n\n\t\t\t<img data-image-id='39'\n\t\t\t\ttitle=\"\"\n\t\t\t\talt=\"Primer-partit-oficial-Equip-B-2021\"\n\t\t\t\tsrc=\"https:\/\/cttgranollers.cat\/wp-content\/gallery\/portada\/Primer-partit-oficial-Equip-B-2021.jpg\"\n\t\t\t\tstyle=\"max-height: 480px;\"\/>\n\t\t<\/a>\n\n\t\t\n\t\t<a href=\"https:\/\/cttgranollers.cat\/wp-content\/gallery\/portada\/jugador-5.jpg\"\n\t\t\ttitle=\"\"\n\t\t\tdata-src=\"https:\/\/cttgranollers.cat\/wp-content\/gallery\/portada\/jugador-5.jpg\"\n\t\t\tdata-thumbnail=\"https:\/\/cttgranollers.cat\/wp-content\/gallery\/portada\/thumbs\/thumbs-jugador-5.jpg\"\n\t\t\tdata-image-id=\"40\"\n\t\t\tdata-title=\"OLYMPUS DIGITAL CAMERA\"\n\t\t\tdata-description=\"\"\n\t\t\tclass=\"ngg-simplelightbox\" rel=\"cd324b2ebb1d501360e74d55698da7de\">\n\n\t\t\t<img data-image-id='40'\n\t\t\t\ttitle=\"\"\n\t\t\t\talt=\"OLYMPUS DIGITAL CAMERA\"\n\t\t\t\tsrc=\"https:\/\/cttgranollers.cat\/wp-content\/gallery\/portada\/jugador-5.jpg\"\n\t\t\t\tstyle=\"max-height: 480px;\"\/>\n\t\t<\/a>\n\n\t\t\n\t\t<a href=\"https:\/\/cttgranollers.cat\/wp-content\/gallery\/portada\/jugador-2-club.jpeg\"\n\t\t\ttitle=\"\"\n\t\t\tdata-src=\"https:\/\/cttgranollers.cat\/wp-content\/gallery\/portada\/jugador-2-club.jpeg\"\n\t\t\tdata-thumbnail=\"https:\/\/cttgranollers.cat\/wp-content\/gallery\/portada\/thumbs\/thumbs-jugador-2-club.jpeg\"\n\t\t\tdata-image-id=\"41\"\n\t\t\tdata-title=\"jugador-2-club\"\n\t\t\tdata-description=\"\"\n\t\t\tclass=\"ngg-simplelightbox\" rel=\"cd324b2ebb1d501360e74d55698da7de\">\n\n\t\t\t<img data-image-id='41'\n\t\t\t\ttitle=\"\"\n\t\t\t\talt=\"jugador-2-club\"\n\t\t\t\tsrc=\"https:\/\/cttgranollers.cat\/wp-content\/gallery\/portada\/jugador-2-club.jpeg\"\n\t\t\t\tstyle=\"max-height: 480px;\"\/>\n\t\t<\/a>\n\n\t\t\n\t\t<a href=\"https:\/\/cttgranollers.cat\/wp-content\/gallery\/portada\/Jugador-1-club.jpg\"\n\t\t\ttitle=\"\"\n\t\t\tdata-src=\"https:\/\/cttgranollers.cat\/wp-content\/gallery\/portada\/Jugador-1-club.jpg\"\n\t\t\tdata-thumbnail=\"https:\/\/cttgranollers.cat\/wp-content\/gallery\/portada\/thumbs\/thumbs-Jugador-1-club.jpg\"\n\t\t\tdata-image-id=\"42\"\n\t\t\tdata-title=\"Jugador-1-club\"\n\t\t\tdata-description=\"\"\n\t\t\tclass=\"ngg-simplelightbox\" rel=\"cd324b2ebb1d501360e74d55698da7de\">\n\n\t\t\t<img data-image-id='42'\n\t\t\t\ttitle=\"\"\n\t\t\t\talt=\"Jugador-1-club\"\n\t\t\t\tsrc=\"https:\/\/cttgranollers.cat\/wp-content\/gallery\/portada\/Jugador-1-club.jpg\"\n\t\t\t\tstyle=\"max-height: 480px;\"\/>\n\t\t<\/a>\n\n\t\t<\/div>\n\n\n\n\n\n\n<p class=\"has-large-font-size\">\u00daltimes entrades<\/p>\n\n\n\n<div class=\"wp-block-columns is-layout-flex wp-container-core-columns-is-layout-9d6595d7 wp-block-columns-is-layout-flex\">\n<div class=\"wp-block-column is-layout-flow wp-block-column-is-layout-flow\" style=\"flex-basis:100%\">\n<div class=\"wp-block-group is-vertical is-layout-flex wp-container-core-group-is-layout-8cf370e7 wp-block-group-is-layout-flex\">\n<div class=\"wp-block-query is-layout-flow wp-block-query-is-layout-flow\"><ul class=\"wp-block-post-template is-layout-flow wp-block-post-template-is-layout-flow\"><li class=\"wp-block-post post-1224 post type-post status-publish format-standard has-post-thumbnail hentry category-sin-categoria\">\n\n<div class=\"wp-block-columns alignwide is-layout-flex wp-container-core-columns-is-layout-9d6595d7 wp-block-columns-is-layout-flex\">\n<div class=\"wp-block-column is-layout-flow wp-block-column-is-layout-flow\" style=\"flex-basis:66.66%\"><figure class=\"wp-block-post-featured-image\"><a href=\"https:\/\/cttgranollers.cat\/?p=1224\" target=\"_self\"  ><img loading=\"lazy\" decoding=\"async\" width=\"1600\" height=\"1486\" src=\"https:\/\/cttgranollers.cat\/wp-content\/uploads\/2025\/08\/1754642206769.jpg\" class=\"attachment-post-thumbnail size-post-thumbnail wp-post-image\" alt=\"CINC ANYS DE TENNIS TAULA A GRANOLLERS\" style=\"object-fit:cover;\" srcset=\"https:\/\/cttgranollers.cat\/wp-content\/uploads\/2025\/08\/1754642206769.jpg 1600w, https:\/\/cttgranollers.cat\/wp-content\/uploads\/2025\/08\/1754642206769-300x279.jpg 300w, https:\/\/cttgranollers.cat\/wp-content\/uploads\/2025\/08\/1754642206769-1024x951.jpg 1024w, https:\/\/cttgranollers.cat\/wp-content\/uploads\/2025\/08\/1754642206769-768x713.jpg 768w, https:\/\/cttgranollers.cat\/wp-content\/uploads\/2025\/08\/1754642206769-1536x1427.jpg 1536w, https:\/\/cttgranollers.cat\/wp-content\/uploads\/2025\/08\/1754642206769-1140x1059.jpg 1140w\" sizes=\"auto, (max-width: 1600px) 100vw, 1600px\" \/><\/a><\/figure><\/div>\n\n\n\n<div class=\"wp-block-column is-layout-flow wp-block-column-is-layout-flow\" style=\"flex-basis:33.33%\"><h2 class=\"wp-block-post-title\"><a href=\"https:\/\/cttgranollers.cat\/?p=1224\" target=\"_self\" >CINC ANYS DE TENNIS TAULA A GRANOLLERS<\/a><\/h2>\n\n<div class=\"wp-block-post-excerpt\"><p class=\"wp-block-post-excerpt__excerpt\">Celebrem el cinqu\u00e8 aniversari del club. Final de temporada amb sopar i un past\u00eds molt especial al restaurant PAVEPIC, el nostre patrocinador. Estem molt orgullosos de la feina feta. Gr\u00e0cies a tots els que hi heu format part i a els que ho seguiu fent. Per molts anys CTTG! \ud83e\udd73\ud83c\udf82\ud83c\udfd3 A seguir creixent dia a&hellip;<\/p><p class=\"wp-block-post-excerpt__more-text\"><a class=\"wp-block-post-excerpt__more-link\" href=\"https:\/\/cttgranollers.cat\/?p=1224\">Llegir m\u00e9s<\/a><\/p><\/div><\/div>\n<\/div>\n\n<\/li><li class=\"wp-block-post post-1198 post type-post status-publish format-standard has-post-thumbnail hentry category-sin-categoria\">\n\n<div class=\"wp-block-columns alignwide is-layout-flex wp-container-core-columns-is-layout-9d6595d7 wp-block-columns-is-layout-flex\">\n<div class=\"wp-block-column is-layout-flow wp-block-column-is-layout-flow\" style=\"flex-basis:66.66%\"><figure class=\"wp-block-post-featured-image\"><a href=\"https:\/\/cttgranollers.cat\/?p=1198\" target=\"_self\"  ><img loading=\"lazy\" decoding=\"async\" width=\"1080\" height=\"1350\" src=\"https:\/\/cttgranollers.cat\/wp-content\/uploads\/2025\/05\/494573939_688916770393948_5897538725471342392_n.jpg\" class=\"attachment-post-thumbnail size-post-thumbnail wp-post-image\" alt=\"TORNEJOS DE PRIMAVERA 2025\" style=\"object-fit:cover;\" srcset=\"https:\/\/cttgranollers.cat\/wp-content\/uploads\/2025\/05\/494573939_688916770393948_5897538725471342392_n.jpg 1080w, https:\/\/cttgranollers.cat\/wp-content\/uploads\/2025\/05\/494573939_688916770393948_5897538725471342392_n-240x300.jpg 240w, https:\/\/cttgranollers.cat\/wp-content\/uploads\/2025\/05\/494573939_688916770393948_5897538725471342392_n-819x1024.jpg 819w, https:\/\/cttgranollers.cat\/wp-content\/uploads\/2025\/05\/494573939_688916770393948_5897538725471342392_n-768x960.jpg 768w\" sizes=\"auto, (max-width: 1080px) 100vw, 1080px\" \/><\/a><\/figure><\/div>\n\n\n\n<div class=\"wp-block-column is-layout-flow wp-block-column-is-layout-flow\" style=\"flex-basis:33.33%\"><h2 class=\"wp-block-post-title\"><a href=\"https:\/\/cttgranollers.cat\/?p=1198\" target=\"_self\" >TORNEJOS DE PRIMAVERA 2025<\/a><\/h2>\n\n<div class=\"wp-block-post-excerpt\"><p class=\"wp-block-post-excerpt__excerpt\">Benvolguts\/des, Us convidem a participar als nous tornejos organitzats\u00a0pel Club Tennis Taula Granollers. Diverses categories i per a totes les edats.\u00a0Anima&#8217;t, places limitades! INFORMACI\u00d3 I INSCRIPCIONS AL FORMULARI: https:\/\/docs.google.com\/forms\/d\/16PBiNUOK4fPz_QfpJNe6Z4S9LBwEtrErcvgZOtrz_6k\/edit<\/p><p class=\"wp-block-post-excerpt__more-text\"><a class=\"wp-block-post-excerpt__more-link\" href=\"https:\/\/cttgranollers.cat\/?p=1198\">Llegir m\u00e9s<\/a><\/p><\/div><\/div>\n<\/div>\n\n<\/li><li class=\"wp-block-post post-1195 post type-post status-publish format-standard hentry category-sin-categoria\">\n\n<div class=\"wp-block-columns alignwide is-layout-flex wp-container-core-columns-is-layout-9d6595d7 wp-block-columns-is-layout-flex\">\n<div class=\"wp-block-column is-layout-flow wp-block-column-is-layout-flow\" style=\"flex-basis:66.66%\"><\/div>\n\n\n\n<div class=\"wp-block-column is-layout-flow wp-block-column-is-layout-flow\" style=\"flex-basis:33.33%\"><h2 class=\"wp-block-post-title\"><a href=\"https:\/\/cttgranollers.cat\/?p=1195\" target=\"_self\" >TEMPORADA D\u00cdFICIL, PER\u00d2 JA AMB NOUS REPTES<\/a><\/h2>\n\n<div class=\"wp-block-post-excerpt\"><p class=\"wp-block-post-excerpt__excerpt\">El primer equip mascul\u00ed del Club Tennis Taula ha baixat a la Segona Territorial A despr\u00e9s d\u2019una temporada dif\u00edcil a Primera Territorial, despr\u00e9s d&#8217;un any 2023-2024 on va aconseguir l&#8217;ascens i es va fer un projecte per jugar a tres categories superiors. El president i jugador David Selva destaca l\u2019experi\u00e8ncia adquirida i fixa com a&hellip;<\/p><p class=\"wp-block-post-excerpt__more-text\"><a class=\"wp-block-post-excerpt__more-link\" href=\"https:\/\/cttgranollers.cat\/?p=1195\">Llegir m\u00e9s<\/a><\/p><\/div><\/div>\n<\/div>\n\n<\/li><li class=\"wp-block-post post-1181 post type-post status-publish format-standard has-post-thumbnail hentry category-competiciones category-noticies category-torneig tag-club tag-competicions tag-esports tag-granollers tag-noticies tag-tennis-taula\">\n\n<div class=\"wp-block-columns alignwide is-layout-flex wp-container-core-columns-is-layout-9d6595d7 wp-block-columns-is-layout-flex\">\n<div class=\"wp-block-column is-layout-flow wp-block-column-is-layout-flow\" style=\"flex-basis:66.66%\"><figure class=\"wp-block-post-featured-image\"><a href=\"https:\/\/cttgranollers.cat\/?p=1181\" target=\"_self\"  ><img loading=\"lazy\" decoding=\"async\" width=\"2560\" height=\"1916\" src=\"https:\/\/cttgranollers.cat\/wp-content\/uploads\/2025\/02\/1738856853016-scaled.jpg\" class=\"attachment-post-thumbnail size-post-thumbnail wp-post-image\" alt=\"TORNEIG DE NADAL 2024\" style=\"object-fit:cover;\" srcset=\"https:\/\/cttgranollers.cat\/wp-content\/uploads\/2025\/02\/1738856853016-scaled.jpg 2560w, https:\/\/cttgranollers.cat\/wp-content\/uploads\/2025\/02\/1738856853016-300x224.jpg 300w, https:\/\/cttgranollers.cat\/wp-content\/uploads\/2025\/02\/1738856853016-1024x766.jpg 1024w, https:\/\/cttgranollers.cat\/wp-content\/uploads\/2025\/02\/1738856853016-768x575.jpg 768w, https:\/\/cttgranollers.cat\/wp-content\/uploads\/2025\/02\/1738856853016-1536x1149.jpg 1536w, https:\/\/cttgranollers.cat\/wp-content\/uploads\/2025\/02\/1738856853016-2048x1532.jpg 2048w, https:\/\/cttgranollers.cat\/wp-content\/uploads\/2025\/02\/1738856853016-1140x853.jpg 1140w\" sizes=\"auto, (max-width: 2560px) 100vw, 2560px\" \/><\/a><\/figure><\/div>\n\n\n\n<div class=\"wp-block-column is-layout-flow wp-block-column-is-layout-flow\" style=\"flex-basis:33.33%\"><h2 class=\"wp-block-post-title\"><a href=\"https:\/\/cttgranollers.cat\/?p=1181\" target=\"_self\" >TORNEIG DE NADAL 2024<\/a><\/h2>\n\n<div class=\"wp-block-post-excerpt\"><p class=\"wp-block-post-excerpt__excerpt\">\u00a0 El passat dijous el club va celebrar el tradicional torneig social de Nadal aconseguint un record d&#8217;inscripcions amb 33 participants. Es va veure un gran nivell de tennis taula i bon ambient entre els jugadors i altres convidats com les companyes del grup @nyxttbcn . La jornada va acabar amb el sopar de Nadal&hellip;<\/p><p class=\"wp-block-post-excerpt__more-text\"><a class=\"wp-block-post-excerpt__more-link\" href=\"https:\/\/cttgranollers.cat\/?p=1181\">Llegir m\u00e9s<\/a><\/p><\/div><\/div>\n<\/div>\n\n<\/li><\/ul><\/div>\n<\/div>\n<\/div>\n<\/div>\n","protected":false},"excerpt":{"rendered":"<p>\u00daltimes entrades<\/p>\n","protected":false},"author":1,"featured_media":0,"parent":0,"menu_order":0,"comment_status":"closed","ping_status":"closed","template":"","meta":{"ngg_post_thumbnail":0,"_EventAllDay":false,"_EventTimezone":"","_EventStartDate":"","_EventEndDate":"","_EventStartDateUTC":"","_EventEndDateUTC":"","_EventShowMap":false,"_EventShowMapLink":false,"_EventURL":"","_EventCost":"","_EventCostDescription":"","_EventCurrencySymbol":"","_EventCurrencyCode":"","_EventCurrencyPosition":"","_EventDateTimeSeparator":"","_EventTimeRangeSeparator":"","_EventOrganizerID":[],"_EventVenueID":[],"_OrganizerEmail":"","_OrganizerPhone":"","_OrganizerWebsite":"","_VenueAddress":"","_VenueCity":"","_VenueCountry":"","_VenueProvince":"","_VenueState":"","_VenueZip":"","_VenuePhone":"","_VenueURL":"","_VenueStateProvince":"","_VenueLat":"","_VenueLng":"","_VenueShowMap":false,"_VenueShowMapLink":false,"footnotes":""},"class_list":["post-307","page","type-page","status-publish","hentry"],"jetpack_sharing_enabled":true,"_links":{"self":[{"href":"https:\/\/cttgranollers.cat\/index.php?rest_route=\/wp\/v2\/pages\/307","targetHints":{"allow":["GET"]}}],"collection":[{"href":"https:\/\/cttgranollers.cat\/index.php?rest_route=\/wp\/v2\/pages"}],"about":[{"href":"https:\/\/cttgranollers.cat\/index.php?rest_route=\/wp\/v2\/types\/page"}],"author":[{"embeddable":true,"href":"https:\/\/cttgranollers.cat\/index.php?rest_route=\/wp\/v2\/users\/1"}],"replies":[{"embeddable":true,"href":"https:\/\/cttgranollers.cat\/index.php?rest_route=%2Fwp%2Fv2%2Fcomments&post=307"}],"version-history":[{"count":15,"href":"https:\/\/cttgranollers.cat\/index.php?rest_route=\/wp\/v2\/pages\/307\/revisions"}],"predecessor-version":[{"id":800,"href":"https:\/\/cttgranollers.cat\/index.php?rest_route=\/wp\/v2\/pages\/307\/revisions\/800"}],"wp:attachment":[{"href":"https:\/\/cttgranollers.cat\/index.php?rest_route=%2Fwp%2Fv2%2Fmedia&parent=307"}],"curies":[{"name":"wp","href":"https:\/\/api.w.org\/{rel}","templated":true}]}}