{"id":198,"date":"2024-01-29T17:52:20","date_gmt":"2024-01-29T16:52:20","guid":{"rendered":"https:\/\/cttgranollers.cat\/?page_id=198"},"modified":"2024-06-21T11:11:40","modified_gmt":"2024-06-21T09:11:40","slug":"tornejos","status":"publish","type":"page","link":"https:\/\/cttgranollers.cat\/?page_id=198","title":{"rendered":"TORNEJOS"},"content":{"rendered":"\n<p>Desde l&#8217;any 2020 el Club Tennis Taula celebra els habituals tornejos de Nadal i de Primavera, amb les modalitats aficionats, federats i escolars. Son oberts a tots els socis\/\u00e8s del club i tamb\u00e9 a altres esportistes i jugadors\/es convidats. Recentment tamb\u00e9 s&#8217;ha afegit una lligueta interna enfocada als aficionats i els campionats de dobles i femen\u00ed.<\/p>\n\n\n\n<figure class=\"wp-block-table is-style-regular has-small-font-size\"><table class=\"has-fixed-layout\"><thead><tr><th class=\"has-text-align-center\" data-align=\"center\">TORNEIG<\/th><th class=\"has-text-align-center\" data-align=\"center\">DATA<\/th><th class=\"has-text-align-center\" data-align=\"center\">PARTICIPANTS<\/th><th>PODI 1<\/th><th>PODI 2<\/th><th>PODI 3<\/th><th>QUART<\/th><\/tr><\/thead><tbody><tr><td class=\"has-text-align-center\" data-align=\"center\">Torneig Escolar 2024<\/td><td class=\"has-text-align-center\" data-align=\"center\">23\/05\/2024<\/td><td class=\"has-text-align-center\" data-align=\"center\">12<\/td><td>Hugo S\u00e1nchez<\/td><td>Pol Parera <br>(Ctt Cardedeu)<\/td><td>Sergi Puig<\/td><td>Edurne Cabanes<br>(Ctt Canet)<\/td><\/tr><tr><td class=\"has-text-align-center\" data-align=\"center\">Segon Torneig Femen\u00ed CTTG<\/td><td class=\"has-text-align-center\" data-align=\"center\">18\/05\/2024<\/td><td class=\"has-text-align-center\" data-align=\"center\">21<\/td><td>Silvia Soteras <br>(<em>TT Igualada<\/em>)<\/td><td>\u00c0ngela Palau <br>(<em>Ctt Cardedeu<\/em>)<\/td><td>Edurne Cabanes (CTT Canet)<\/td><td>Maril\u00f3<\/td><\/tr><tr><td class=\"has-text-align-center\" data-align=\"center\">Torneig de Nadal 2023: Federats<\/td><td class=\"has-text-align-center\" data-align=\"center\">21\/12\/2023<\/td><td class=\"has-text-align-center\" data-align=\"center\">12<\/td><td>Cristian Moyano<\/td><td>Jordi Y\u00e9tor<\/td><td>Xavi L\u00f3pez<\/td><td>Xavier Garcia Barbeta<\/td><\/tr><tr><td class=\"has-text-align-center\" data-align=\"center\">Torneig de Nadal 2023: Aficionats<\/td><td class=\"has-text-align-center\" data-align=\"center\">19\/12\/2023<\/td><td class=\"has-text-align-center\" data-align=\"center\">29<\/td><td>Sergi Puig<\/td><td>Jordi Panad\u00e8s<\/td><td>Xavier Garcia Rosa<\/td><td>Roc Masjuan<\/td><\/tr><tr><td class=\"has-text-align-center\" data-align=\"center\">Quart Torneig infantil de Nadal<\/td><td class=\"has-text-align-center\" data-align=\"center\">12\/12\/2023<\/td><td class=\"has-text-align-center\" data-align=\"center\">11<\/td><td>Sergi Puig<\/td><td>Hugo S\u00e1nchez<\/td><td>Pol Parera <em>(CttCardedeu)<\/em><\/td><td>Nil L\u00f3pez<\/td><\/tr><tr><td class=\"has-text-align-center\" data-align=\"center\">Tercer Torneig de Primavera: Categoria Federats<\/td><td class=\"has-text-align-center\" data-align=\"center\">17\/06\/2023<\/td><td class=\"has-text-align-center\" data-align=\"center\">12<\/td><td>Albert Corominas <em>(Els 8 de La Garriga)<\/em><\/td><td>Xavier Corominas<\/td><td>Xavier Garcia Barbeta<\/td><td>Rub\u00e9n Nebot<\/td><\/tr><tr><td class=\"has-text-align-center\" data-align=\"center\">Tercer Torneig de Primavera: Categoria Aficionats<\/td><td class=\"has-text-align-center\" data-align=\"center\">06\/06\/2023<\/td><td class=\"has-text-align-center\" data-align=\"center\">23<\/td><td>Ferran Palaudarias<\/td><td>Xavier Garcia Rosa <em>(CttCardedeu)<\/em><\/td><td>Oriol Moli<\/td><td>\u00c0ngel Riera <em>(CttCardedeu)<\/em><\/td><\/tr><tr><td class=\"has-text-align-center\" data-align=\"center\">Tercer Torneig de Primavera: Categoria Dobles<\/td><td class=\"has-text-align-center\" data-align=\"center\">01\/06\/2023<\/td><td class=\"has-text-align-center\" data-align=\"center\">24<\/td><td>Roc Masjuan i Jordi Y\u00e9tor<\/td><td>Hugo S\u00e1nchez i David Selva<\/td><td>David Nebot i Mart\u00ed Mas<\/td><td>Rub\u00e9n Nebot i Miguel \u00c1ngel Ib\u00e1\u00f1ez<\/td><\/tr><tr><td class=\"has-text-align-center\" data-align=\"center\">Primer torneig femen\u00ed CTTG<\/td><td class=\"has-text-align-center\" data-align=\"center\">30\/05\/2023<\/td><td class=\"has-text-align-center\" data-align=\"center\">9<\/td><td>Judit L\u00f3pez <em>(Llu\u00efsos de Gr\u00e0cia)<\/em><\/td><td>\u00c0ngela Palau <em>(CttCardedeu)<\/em><\/td><td>Xus L\u00f3pez<\/td><td>Maria Bertran<\/td><\/tr><tr><td class=\"has-text-align-center\" data-align=\"center\">Tercer Torneig Escolar de Primavera<\/td><td class=\"has-text-align-center\" data-align=\"center\">23\/05\/2023<\/td><td class=\"has-text-align-center\" data-align=\"center\">10<\/td><td>Aleix Bernab\u00e9u<\/td><td>Hugo S\u00e1nchez<\/td><td>Roc Masjuan<\/td><td>Mart\u00ed Pardo<\/td><\/tr><tr><td class=\"has-text-align-center\" data-align=\"center\">Especial Lligueta interna de Club<\/td><td class=\"has-text-align-center\" data-align=\"center\">18\/04\/2023<\/td><td class=\"has-text-align-center\" data-align=\"center\">36<\/td><td>Jordi Panad\u00e8s<\/td><td>Aleix Bernab\u00e9u i Hugo S\u00e1nchez (Equips i individuals), Roc Masjuan (Individuals)<\/td><td>Sergi Puig, Pau Entrena i Maria Llach (Individuals). Juan Queirolo, Mart\u00ed Gard i Miguel \u00c1ngel Ib\u00e1\u00f1ez (Equips)<\/td><td><\/td><\/tr><tr><td class=\"has-text-align-center\" data-align=\"center\">Segon Torneig de Nadal s\u00e8nior<\/td><td class=\"has-text-align-center\" data-align=\"center\">15\/12\/2022<\/td><td class=\"has-text-align-center\" data-align=\"center\">24<\/td><td>Rub\u00e9n Nebot<\/td><td>Xavi L\u00f3pez<\/td><td>Jordi Y\u00e9tor<\/td><td>Benjam\u00ed Adell<\/td><\/tr><tr><td class=\"has-text-align-center\" data-align=\"center\">Tercer Torneig Infantil de Nadal<\/td><td class=\"has-text-align-center\" data-align=\"center\">03\/12\/2022<\/td><td class=\"has-text-align-center\" data-align=\"center\">12<\/td><td>Marc Valera<\/td><td>Aleix Bernab\u00e9u<\/td><td>Hugo S\u00e1nchez<\/td><td>Roc Masjuan<\/td><\/tr><tr><td class=\"has-text-align-center\" data-align=\"center\">Primer Torneig de Primavera: Categoria Federats<\/td><td class=\"has-text-align-center\" data-align=\"center\">07\/06\/2022<\/td><td class=\"has-text-align-center\" data-align=\"center\">24<\/td><td>Fran Carrasco (<em>CttCardedeu<\/em>)<\/td><td>Dimitro Bromirskyi (<em>CttCardedeu<\/em>)<\/td><td>Eusebi Rius (<em>CttCardedeu<\/em>)<\/td><td>Jordi Y\u00e9tor<\/td><\/tr><tr><td class=\"has-text-align-center\" data-align=\"center\">Primer Torneig de Primavera: Categoria Dobles<\/td><td class=\"has-text-align-center\" data-align=\"center\">31\/05\/2022<\/td><td class=\"has-text-align-center\" data-align=\"center\">16<\/td><td>Isidre Gil Lista i David Selva<\/td><td>Mart\u00ed Mas i Aleix Bernab\u00e9u<\/td><td>Isidre Gil i Eduard Selva<\/td><td>Jordi Y\u00e9tor i Francesc C\u00edvico<\/td><\/tr><tr><td class=\"has-text-align-center\" data-align=\"center\">Primer Torneig de Primavera: Categoria Aficionats<\/td><td class=\"has-text-align-center\" data-align=\"center\">26\/05\/2022<\/td><td class=\"has-text-align-center\" data-align=\"center\">17<\/td><td>Cristian Casado<\/td><td>\u00c0ngel Riera (<em>CttCardedeu<\/em>)<\/td><td>David Sagrera<\/td><td>Maria Llach<\/td><\/tr><tr><td class=\"has-text-align-center\" data-align=\"center\">Segon Torneig Escolar de Primavera<\/td><td class=\"has-text-align-center\" data-align=\"center\">24\/05\/2022<\/td><td class=\"has-text-align-center\" data-align=\"center\">9<\/td><td>Pol Palmero<\/td><td>Adri\u00e0 Tremosa<\/td><td>Aleix Bernab\u00e9u<\/td><td>Victor Fabregat<\/td><\/tr><tr><td class=\"has-text-align-center\" data-align=\"center\">Segon Torneig Infantil de Nadal<\/td><td class=\"has-text-align-center\" data-align=\"center\">16\/12\/2021<\/td><td class=\"has-text-align-center\" data-align=\"center\">6<\/td><td>Pol Palmero<\/td><td>Adri\u00e0 Tremosa<\/td><td>Aleix Bernab\u00e9u<\/td><td><\/td><\/tr><tr><td class=\"has-text-align-center\" data-align=\"center\">Torneig social s\u00e8nior 2021<\/td><td class=\"has-text-align-center\" data-align=\"center\">19\/06\/2021<\/td><td class=\"has-text-align-center\" data-align=\"center\">25<\/td><td>David Selva<\/td><td>Isidre Gil Paredes<\/td><td>Jordi Y\u00e9tor<\/td><td>Julio Garcia<\/td><\/tr><tr><td class=\"has-text-align-center\" data-align=\"center\">Torneig Escolar de Primavera<\/td><td class=\"has-text-align-center\" data-align=\"center\">08\/06\/2021<\/td><td class=\"has-text-align-center\" data-align=\"center\">12<\/td><td>Adri\u00e0 Tremosa<\/td><td>Eul\u00e0lia Pou<\/td><td>Pol Palmero<\/td><td>Eloi Gonz\u00e1lez<\/td><\/tr><tr><td class=\"has-text-align-center\" data-align=\"center\">Primer Torneig de Nadal S\u00e8nior<\/td><td class=\"has-text-align-center\" data-align=\"center\">29\/12\/2020<\/td><td class=\"has-text-align-center\" data-align=\"center\">16<\/td><td>Jordi Panad\u00e8s<\/td><td>Isidre Gil Paredes<\/td><td>Mart\u00ed Mas<\/td><td>Julio Garcia<\/td><\/tr><tr><td class=\"has-text-align-center\" data-align=\"center\">Torneig Infantil de Nadal<\/td><td class=\"has-text-align-center\" data-align=\"center\">18\/12\/2020<\/td><td class=\"has-text-align-center\" data-align=\"center\">6<\/td><td>Marc Valera<\/td><td>Marc Mu\u00f1oz<\/td><td>Pedro Reyes<\/td><td><\/td><\/tr><tr><td class=\"has-text-align-center\" data-align=\"center\">Torneig Green Indoor Park<\/td><td class=\"has-text-align-center\" data-align=\"center\">01\/02\/2020<\/td><td class=\"has-text-align-center\" data-align=\"center\">12<\/td><td>Xavier Corominas<\/td><td>Albert Corominas<\/td><td>Jose Manuel Romero<\/td><td>Alexander Mesas<\/td><\/tr><\/tbody><\/table><\/figure>\n\n\n\n<p><\/p>\n\n\n\n<p><strong>ALTRES RESULTATS INDIVIDUALS DESTACATS<\/strong> ( Tornejos locals, provincials i Circuit Promeses) <\/p>\n\n\n\n<figure class=\"wp-block-table has-small-font-size\"><table><thead><tr><th>TORNEIG<\/th><th>DATA<\/th><th>PARTICIPANT<\/th><th>RESULTAT<\/th><\/tr><\/thead><tbody><tr><td>Torneig Infantil de Nadal de Vilassar de Mar<\/td><td>03\/01\/2024<\/td><td>Sergi Puig<\/td><td>Campi\u00f3<\/td><\/tr><tr><td>Campionat Intercomarcal Escolar a Moi\u00e0: Nivell B&nbsp;<\/td><td>26\/12\/2023<\/td><td>Pol Orihuela<\/td><td>Tercer Classificat<\/td><\/tr><tr><td>Campionat Intercomarcal Escolar a Roda de Ter: Nivell B<\/td><td>19\/11\/2023<\/td><td>Adri\u00e0 Madrid<\/td><td>Segon classificat<\/td><\/tr><tr><td>Torneig de Caldes de Montbui Categoria Infantil<\/td><td>13\/10\/2023<\/td><td>Sergi Puig<\/td><td>Campi\u00f3<\/td><\/tr><tr><td>Torneig de Castellar del Vall\u00e8s Nivell B<\/td><td>09\/09\/2023<\/td><td>Xavier Garcia Barbeta<\/td><td>Campi\u00f3<\/td><\/tr><tr><td>Torneig de Festa Major de Llerona<\/td><td>09\/09\/2023<\/td><td>Xavi L\u00f3pez<\/td><td>Campi\u00f3<\/td><\/tr><tr><td>Torneig de Festa Major de Llerona<\/td><td>09\/09\/2023<\/td><td>Eduard Selva<\/td><td>Segon classificat<\/td><\/tr><tr><td>Torneig de Taradell<\/td><td>29\/08\/2023<\/td><td>Eduard Selva<\/td><td>Tercer Classificat<\/td><\/tr><tr><td>Torneig de Festa Major de Santa Eul\u00e0lia de Ron\u00e7ana: Infantil<\/td><td>16\/07\/2023<\/td><td>Hugo S\u00e1nchez<\/td><td>Campi\u00f3<\/td><\/tr><tr><td>Torneig de Festa Major de Santa Eul\u00e0lia de Ron\u00e7ana: Infantil<\/td><td>16\/07\/2023<\/td><td>Roc Masjuan<\/td><td>Segon classificat<\/td><\/tr><tr><td><strong>Campionat Intercomarcal Escolar a Moi\u00e0: Nivell B&nbsp;<\/strong><\/td><td>23\/04\/2023<\/td><td>Roc Masjuan<\/td><td>Campi\u00f3<\/td><\/tr><tr><td>Campionat Intercomarcal Escolar a Torell\u00f3: Nivell C<\/td><td>23\/04\/2023<\/td><td>Adri\u00e0 Madrid<\/td><td>Campi\u00f3<\/td><\/tr><tr><td><strong>Open Promeses Nivell T<\/strong><\/td><td>19\/02\/2023<\/td><td>Aleix Bernab\u00e9u<\/td><td>Segon classificat<\/td><\/tr><tr><td>Campionat Intercomarcal Escolar a Taradell: Nivell B&nbsp;<\/td><td>10\/12\/2022<\/td><td>Aleix Bernab\u00e9u<\/td><td>Segon classificat<\/td><\/tr><tr><td>Torneig de Caldes de Montbui Categoria Infantil<\/td><td>13\/10\/2022<\/td><td>Aleix Bernab\u00e9u<\/td><td>Campi\u00f3<\/td><\/tr><tr><td>Torneig Infantil Festa Major de Llerona <\/td><td>09\/09\/2022<\/td><td>Maria Llach<\/td><td>Campiona<\/td><\/tr><tr><td>Torneig de&nbsp; Festa Major de Bigues i Riells<\/td><td>20\/08\/2022<\/td><td>Jordi Panad\u00e8s<\/td><td>Campi\u00f3<\/td><\/tr><tr><td>Torneig de&nbsp;Festa Major de Santa Agn\u00e8s de Malanyanes<\/td><td>20\/08\/2022<\/td><td>David Selva<\/td><td>Campi\u00f3<\/td><\/tr><tr><td>Torneig de Festa Major de Parets del Vall\u00e8s<\/td><td>24\/07\/2022<\/td><td>Cristian Casado<\/td><td>Campi\u00f3<\/td><\/tr><tr><td>Torneig de Festa Major de Parets del Vall\u00e8s<\/td><td>24\/07\/2022<\/td><td>Jordi Y\u00e9tor<\/td><td>Segon classificat<\/td><\/tr><tr><td>Torneig de Festa Major de Santa Eul\u00e0lia de Ron\u00e7ana: Infantil<\/td><td>17\/07\/2022<\/td><td>Aleix Bernab\u00e9u<\/td><td>Campi\u00f3<\/td><\/tr><tr><td>Torneig de Festa Major de Santa Eul\u00e0lia de Ron\u00e7ana: Infantil<\/td><td>17\/07\/2022<\/td><td>Maria Llach<\/td><td>Segona classificada<\/td><\/tr><tr><td>Torneig de Festa Major de Santa Eul\u00e0lia de Ron\u00e7ana: S\u00e8nior<\/td><td>17\/07\/2022<\/td><td>David Selva<\/td><td>Campi\u00f3<\/td><\/tr><tr><td>Torneig de Festa Major de Santa Eul\u00e0lia de Ron\u00e7ana: S\u00e8nior<\/td><td>17\/07\/2022<\/td><td>Cristian Casado<\/td><td>Segon classificat<\/td><\/tr><tr><td>Torneig Memorial Alfonso Serrano de Cardedeu: Categoria aficionats- Gent Gran<\/td><td>02\/07\/2022<\/td><td>Jordi Panad\u00e8s<\/td><td>Segon classificat<\/td><\/tr><tr><td><strong>Open Promeses Nivell Y<\/strong><\/td><td>24\/04\/2022<\/td><td>Aleix Bernab\u00e9u<\/td><td>Campi\u00f3<\/td><\/tr><tr><td>Torneig de&nbsp;Festa Major de Santa Agn\u00e8s de Malanyanes<\/td><td>20\/08\/2021<\/td><td>Xavier Corominas<\/td><td>Campi\u00f3<\/td><\/tr><tr><td>Torneig Memorial Alfonso Serrano de Cardedeu<\/td><td>04\/07\/2021<\/td><td>David Selva<\/td><td>Campi\u00f3<\/td><\/tr><\/tbody><\/table><\/figure>\n","protected":false},"excerpt":{"rendered":"<p>Desde l&#8217;any 2020 el Club Tennis Taula celebra els habituals tornejos de Nadal i de Primavera, amb les modalitats aficionats, federats i escolars. Son oberts a tots els socis\/\u00e8s del club i tamb\u00e9 a altres esportistes i jugadors\/es convidats. Recentment tamb\u00e9 s&#8217;ha afegit una lligueta interna enfocada als aficionats i els campionats de dobles i femen\u00ed. TORNEIG DATA PARTICIPANTS PODI 1 PODI 2 PODI 3 QUART Torneig Escolar 2024 23\/05\/2024 12 Hugo S\u00e1nchez Pol Parera (Ctt Cardedeu) Sergi Puig Edurne Cabanes(Ctt Canet) Segon Torneig Femen\u00ed CTTG 18\/05\/2024 21 Silvia Soteras (TT Igualada) \u00c0ngela Palau (Ctt Cardedeu) Edurne Cabanes (CTT Canet) Maril\u00f3 Torneig de Nadal 2023: Federats 21\/12\/2023 12 Cristian Moyano Jordi Y\u00e9tor Xavi L\u00f3pez Xavier Garcia Barbeta Torneig de Nadal 2023: Aficionats 19\/12\/2023 29 Sergi Puig Jordi Panad\u00e8s Xavier Garcia Rosa Roc Masjuan Quart Torneig infantil de Nadal 12\/12\/2023 11 Sergi Puig Hugo S\u00e1nchez Pol Parera (CttCardedeu) Nil L\u00f3pez Tercer Torneig de Primavera: Categoria Federats 17\/06\/2023 12 Albert Corominas (Els 8 de La Garriga) Xavier Corominas Xavier Garcia Barbeta Rub\u00e9n Nebot Tercer Torneig de Primavera: Categoria Aficionats 06\/06\/2023 23 Ferran Palaudarias Xavier Garcia Rosa (CttCardedeu) Oriol Moli \u00c0ngel Riera (CttCardedeu) Tercer Torneig de Primavera: Categoria Dobles 01\/06\/2023 24 Roc Masjuan i Jordi Y\u00e9tor Hugo S\u00e1nchez i David Selva David Nebot i Mart\u00ed Mas Rub\u00e9n Nebot i Miguel \u00c1ngel Ib\u00e1\u00f1ez Primer torneig femen\u00ed CTTG 30\/05\/2023 9 Judit L\u00f3pez (Llu\u00efsos de Gr\u00e0cia) \u00c0ngela Palau (CttCardedeu) Xus L\u00f3pez Maria Bertran Tercer Torneig Escolar de Primavera 23\/05\/2023 10 Aleix Bernab\u00e9u Hugo S\u00e1nchez Roc Masjuan Mart\u00ed Pardo Especial Lligueta interna de Club 18\/04\/2023 36 Jordi Panad\u00e8s Aleix Bernab\u00e9u i Hugo S\u00e1nchez (Equips i individuals), Roc Masjuan (Individuals) Sergi Puig, Pau Entrena i Maria Llach (Individuals). Juan Queirolo, Mart\u00ed Gard i Miguel \u00c1ngel Ib\u00e1\u00f1ez (Equips) Segon Torneig de Nadal s\u00e8nior 15\/12\/2022 24 Rub\u00e9n Nebot Xavi L\u00f3pez Jordi Y\u00e9tor Benjam\u00ed Adell Tercer Torneig Infantil de Nadal 03\/12\/2022 12 Marc Valera Aleix Bernab\u00e9u Hugo S\u00e1nchez Roc Masjuan Primer Torneig de Primavera: Categoria Federats 07\/06\/2022 24 Fran Carrasco (CttCardedeu) Dimitro Bromirskyi (CttCardedeu) Eusebi Rius (CttCardedeu) Jordi Y\u00e9tor Primer Torneig de Primavera: Categoria Dobles 31\/05\/2022 16 Isidre Gil Lista i David Selva Mart\u00ed Mas i Aleix Bernab\u00e9u Isidre Gil i Eduard Selva Jordi Y\u00e9tor i Francesc C\u00edvico Primer Torneig de Primavera: Categoria Aficionats 26\/05\/2022 17 Cristian Casado \u00c0ngel Riera (CttCardedeu) David Sagrera Maria Llach Segon Torneig Escolar de Primavera 24\/05\/2022 9 Pol Palmero Adri\u00e0 Tremosa Aleix Bernab\u00e9u Victor Fabregat Segon Torneig Infantil de Nadal 16\/12\/2021 6 Pol Palmero Adri\u00e0 Tremosa Aleix Bernab\u00e9u Torneig social s\u00e8nior 2021 19\/06\/2021 25 David Selva Isidre Gil Paredes Jordi Y\u00e9tor Julio Garcia Torneig Escolar de Primavera 08\/06\/2021 12 Adri\u00e0 Tremosa Eul\u00e0lia Pou Pol Palmero Eloi Gonz\u00e1lez Primer Torneig de Nadal S\u00e8nior 29\/12\/2020 16 Jordi Panad\u00e8s Isidre Gil Paredes Mart\u00ed Mas Julio Garcia Torneig Infantil de Nadal 18\/12\/2020 6 Marc Valera Marc Mu\u00f1oz Pedro Reyes Torneig Green Indoor Park 01\/02\/2020 12 Xavier Corominas Albert Corominas Jose Manuel Romero Alexander Mesas ALTRES RESULTATS INDIVIDUALS DESTACATS ( Tornejos locals, provincials i Circuit Promeses) TORNEIG DATA PARTICIPANT RESULTAT Torneig Infantil de Nadal de Vilassar de Mar 03\/01\/2024 Sergi Puig Campi\u00f3 Campionat Intercomarcal Escolar a Moi\u00e0: Nivell B&nbsp; 26\/12\/2023 Pol Orihuela Tercer Classificat Campionat Intercomarcal Escolar a Roda de Ter: Nivell B 19\/11\/2023 Adri\u00e0 Madrid Segon classificat Torneig de Caldes de Montbui Categoria Infantil 13\/10\/2023 Sergi Puig Campi\u00f3 Torneig de Castellar del Vall\u00e8s Nivell B 09\/09\/2023 Xavier Garcia Barbeta Campi\u00f3 Torneig de Festa Major de Llerona 09\/09\/2023 Xavi L\u00f3pez Campi\u00f3 Torneig de Festa Major de Llerona 09\/09\/2023 Eduard Selva Segon classificat Torneig de Taradell 29\/08\/2023 Eduard Selva Tercer Classificat Torneig de Festa Major de Santa Eul\u00e0lia de Ron\u00e7ana: Infantil 16\/07\/2023 Hugo S\u00e1nchez Campi\u00f3 Torneig de Festa Major de Santa Eul\u00e0lia de Ron\u00e7ana: Infantil 16\/07\/2023 Roc Masjuan Segon classificat Campionat Intercomarcal Escolar a Moi\u00e0: Nivell B&nbsp; 23\/04\/2023 Roc Masjuan Campi\u00f3 Campionat Intercomarcal Escolar a Torell\u00f3: Nivell C 23\/04\/2023 Adri\u00e0 Madrid Campi\u00f3 Open Promeses Nivell T 19\/02\/2023 Aleix Bernab\u00e9u Segon classificat Campionat Intercomarcal Escolar a Taradell: Nivell B&nbsp; 10\/12\/2022 Aleix Bernab\u00e9u Segon classificat Torneig de Caldes de Montbui Categoria Infantil 13\/10\/2022 Aleix Bernab\u00e9u Campi\u00f3 Torneig Infantil Festa Major de Llerona 09\/09\/2022 Maria Llach Campiona Torneig de&nbsp; Festa Major de Bigues i Riells 20\/08\/2022 Jordi Panad\u00e8s Campi\u00f3 Torneig de&nbsp;Festa Major de Santa Agn\u00e8s de Malanyanes 20\/08\/2022 David Selva Campi\u00f3 Torneig de Festa Major de Parets del Vall\u00e8s 24\/07\/2022 Cristian Casado Campi\u00f3 Torneig de Festa Major de Parets del Vall\u00e8s 24\/07\/2022 Jordi Y\u00e9tor Segon classificat Torneig de Festa Major de Santa Eul\u00e0lia de Ron\u00e7ana: Infantil 17\/07\/2022 Aleix Bernab\u00e9u Campi\u00f3 Torneig de Festa Major de Santa Eul\u00e0lia de Ron\u00e7ana: Infantil 17\/07\/2022 Maria Llach Segona classificada Torneig de Festa Major de Santa Eul\u00e0lia de Ron\u00e7ana: S\u00e8nior 17\/07\/2022 David Selva Campi\u00f3 Torneig de Festa Major de Santa Eul\u00e0lia de Ron\u00e7ana: S\u00e8nior 17\/07\/2022 Cristian Casado Segon classificat Torneig Memorial Alfonso Serrano de Cardedeu: Categoria aficionats- Gent Gran 02\/07\/2022 Jordi Panad\u00e8s Segon classificat Open Promeses Nivell Y 24\/04\/2022 Aleix Bernab\u00e9u Campi\u00f3 Torneig de&nbsp;Festa Major de Santa Agn\u00e8s de Malanyanes 20\/08\/2021 Xavier Corominas Campi\u00f3 Torneig Memorial Alfonso Serrano de Cardedeu 04\/07\/2021 David Selva Campi\u00f3<\/p>\n","protected":false},"author":1,"featured_media":0,"parent":29,"menu_order":2,"comment_status":"closed","ping_status":"closed","template":"","meta":{"ngg_post_thumbnail":0,"_EventAllDay":false,"_EventTimezone":"","_EventStartDate":"","_EventEndDate":"","_EventStartDateUTC":"","_EventEndDateUTC":"","_EventShowMap":false,"_EventShowMapLink":false,"_EventURL":"","_EventCost":"","_EventCostDescription":"","_EventCurrencySymbol":"","_EventCurrencyCode":"","_EventCurrencyPosition":"","_EventDateTimeSeparator":"","_EventTimeRangeSeparator":"","_EventOrganizerID":[],"_EventVenueID":[],"_OrganizerEmail":"","_OrganizerPhone":"","_OrganizerWebsite":"","_VenueAddress":"","_VenueCity":"","_VenueCountry":"","_VenueProvince":"","_VenueState":"","_VenueZip":"","_VenuePhone":"","_VenueURL":"","_VenueStateProvince":"","_VenueLat":"","_VenueLng":"","_VenueShowMap":false,"_VenueShowMapLink":false,"footnotes":""},"class_list":["post-198","page","type-page","status-publish","hentry"],"jetpack_sharing_enabled":true,"_links":{"self":[{"href":"https:\/\/cttgranollers.cat\/index.php?rest_route=\/wp\/v2\/pages\/198","targetHints":{"allow":["GET"]}}],"collection":[{"href":"https:\/\/cttgranollers.cat\/index.php?rest_route=\/wp\/v2\/pages"}],"about":[{"href":"https:\/\/cttgranollers.cat\/index.php?rest_route=\/wp\/v2\/types\/page"}],"author":[{"embeddable":true,"href":"https:\/\/cttgranollers.cat\/index.php?rest_route=\/wp\/v2\/users\/1"}],"replies":[{"embeddable":true,"href":"https:\/\/cttgranollers.cat\/index.php?rest_route=%2Fwp%2Fv2%2Fcomments&post=198"}],"version-history":[{"count":13,"href":"https:\/\/cttgranollers.cat\/index.php?rest_route=\/wp\/v2\/pages\/198\/revisions"}],"predecessor-version":[{"id":1022,"href":"https:\/\/cttgranollers.cat\/index.php?rest_route=\/wp\/v2\/pages\/198\/revisions\/1022"}],"up":[{"embeddable":true,"href":"https:\/\/cttgranollers.cat\/index.php?rest_route=\/wp\/v2\/pages\/29"}],"wp:attachment":[{"href":"https:\/\/cttgranollers.cat\/index.php?rest_route=%2Fwp%2Fv2%2Fmedia&parent=198"}],"curies":[{"name":"wp","href":"https:\/\/api.w.org\/{rel}","templated":true}]}}