{"id":196,"date":"2024-01-29T17:46:53","date_gmt":"2024-01-29T16:46:53","guid":{"rendered":"https:\/\/cttgranollers.cat\/?page_id=196"},"modified":"2024-10-25T17:47:06","modified_gmt":"2024-10-25T15:47:06","slug":"equips","status":"publish","type":"page","link":"https:\/\/cttgranollers.cat\/?page_id=196","title":{"rendered":"EQUIPS 24-25 (PROVISIONAL)"},"content":{"rendered":"\n<figure class=\"wp-block-table is-style-regular\"><table class=\"has-black-color has-text-color has-background has-link-color has-fixed-layout\" style=\"background:linear-gradient(135deg,rgb(255,245,203) 0%,rgb(182,227,212) 2%,rgb(51,167,181) 100%)\"><thead><tr><th>CATEGORIA<\/th><th>JUGADORS\/ES<\/th><\/tr><\/thead><tbody><tr><td>Primera Provincial<\/td><td>Jordi Y\u00e9tor, Xavier Corominas, Xavier Garcia Barbeta, David Selva,<\/td><\/tr><tr><td>Tercera A Provincial<\/td><td>Hugo S\u00e1nchez, Pau Alcal\u00e0, Sergi Puig, Miquel Illa<\/td><\/tr><tr><td>Quarta Provincial<\/td><td>Eduard Selva, Dami\u00e1n Hierro, Benjam\u00ed Adell, Quim S\u00e1nchez, Pol Orihuela, Sergi Ortega, Mar Arxer, Nat\u00e0lia Carb\u00f3, Benjam\u00ed Adell, Miguel \u00c1ngel Ib\u00e1\u00f1ez, Rams\u00e9s Ninou, Josep Maria Junqueras<\/td><\/tr><tr><td>Quarta B Veterans<\/td><td>Eduard Selva, Dami\u00e1n Hierro, Benjam\u00ed Adell, Quim S\u00e1nchez, Josep Maria Junqueras, Miguel \u00c1ngel Ib\u00e1\u00f1ez, Llu\u00eds Reverter, Rams\u00e9s Ninou<\/td><\/tr><tr><td>Copa Femenina<\/td><td>Mar Arxer, Nat\u00e0lia Carb\u00f3, Meritxell Caussa, Carla Ponset\u00ed, Anna Orfila<\/td><\/tr><\/tbody><\/table><\/figure>\n\n\n\n<p class=\"has-medium-font-size\"><strong>RESULTATS I CLASSIFICACI\u00d3 PROVISIONAL (25\/10\/2024)<\/strong><\/p>\n\n\n\n<p class=\"has-medium-font-size\"><strong>Equip A<\/strong> (1a Territorial de Barcelona)<\/p>\n\n\n\n<p><a href=\"https:\/\/www.rtbtt.com\/lligues2425\/PRIM_G2.pdf\">https:\/\/www.rtbtt.com\/lligues2425\/PRIM_G2.pdf<\/a><\/p>\n\n\n\n<p class=\"has-medium-font-size\"><strong>Equip B<\/strong> (3\u00aaA Territorial de Barcelona)<\/p>\n\n\n\n<p><a href=\"https:\/\/www.rtbtt.com\/lligues2425\/TER_A_G2.pdf\">https:\/\/www.rtbtt.com\/lligues2425\/TER_A_G2.pdf<\/a><\/p>\n\n\n\n<p><strong>Equip C<\/strong> (4\u00aa Territorial de Barcelona)<\/p>\n\n\n\n<p><a href=\"https:\/\/www.rtbtt.com\/lligues2425\/QUA_G5.pdf\">https:\/\/www.rtbtt.com\/lligues2425\/QUA_G5.pdf<\/a><\/p>\n\n\n\n<p><strong>Equip Veterans<\/strong> (4\u00aa B Veterans de Barcelona)<\/p>\n\n\n\n<p><a href=\"https:\/\/www.rtbtt.com\/lligues2425\/VET4B_G1.pdf\">https:\/\/www.rtbtt.com\/lligues2425\/VET4B_G1.pdf<\/a><\/p>\n\n\n\n<p class=\"has-medium-font-size\"><strong>Equip Femen\u00ed<\/strong> (Copa Catalana Femenina)<\/p>\n\n\n\n<p><a href=\"https:\/\/www.fctt.org\/ftp\/COPAFEM2425\/COPAFEM2425.pdf\">https:\/\/www.fctt.org\/ftp\/COPAFEM2425\/COPAFEM2425.pdf<\/a><\/p>\n\n\n\n<p class=\"has-black-color has-text-color has-link-color wp-elements-0877eab8131b5919f20f242c22156af7\"><strong><span style=\"text-decoration: underline;\">HIST\u00d2RIC EQUIPS (Temporada 23-24)<\/span><\/strong><\/p>\n\n\n\n<figure class=\"wp-block-table is-style-regular\"><table class=\"has-black-color has-white-background-color has-text-color has-background has-link-color\"><thead><tr><th class=\"has-text-align-center\" data-align=\"center\">EQUIP<\/th><th class=\"has-text-align-center\" data-align=\"center\">CATEGORIA<\/th><th class=\"has-text-align-center\" data-align=\"center\">JUGADORS\/ES<\/th><th class=\"has-text-align-center\" data-align=\"center\">POSICI\u00d3 DE GRUP<\/th><th class=\"has-text-align-center\" data-align=\"center\">POSICI\u00d3 FINAL<\/th><\/tr><\/thead><tbody><tr><td class=\"has-text-align-center\" data-align=\"center\">A<\/td><td class=\"has-text-align-center\" data-align=\"center\">Tercera B<\/td><td class=\"has-text-align-center\" data-align=\"center\">Jordi Y\u00e9tor, Xavier Corominas, Xavier Garcia Barbeta, Miquel Illa, David Selva, Ferran Palaudarias, Aleix Bernabeu<\/td><td class=\"has-text-align-center\" data-align=\"center\">2n<\/td><td class=\"has-text-align-center\" data-align=\"center\">5\/52<\/td><\/tr><tr><td class=\"has-text-align-center\" data-align=\"center\">B<\/td><td class=\"has-text-align-center\" data-align=\"center\">Tercera B<\/td><td class=\"has-text-align-center\" data-align=\"center\">Eduard Selva, Hugo S\u00e1nchez, Pau Alcal\u00e0, Roc Masjuan, Pol Orihuela, Sergi Puig, Brigitte Thiel<\/td><td class=\"has-text-align-center\" data-align=\"center\">8\u00e8<\/td><td class=\"has-text-align-center\" data-align=\"center\">47\/52<\/td><\/tr><tr><td class=\"has-text-align-center\" data-align=\"center\"><\/td><td class=\"has-text-align-center\" data-align=\"center\">Copa Femenina<\/td><td class=\"has-text-align-center\" data-align=\"center\">Maria Jes\u00fas L\u00f3pez, Maria Bertran, Nat\u00e0lia Carb\u00f3, Brigitte Thiel<\/td><td class=\"has-text-align-center\" data-align=\"center\">5\u00e8<\/td><td class=\"has-text-align-center\" data-align=\"center\">9\/17<\/td><\/tr><\/tbody><\/table><\/figure>\n\n\n\n<p class=\"has-black-color has-text-color has-link-color wp-elements-0ce83225ec8dfe086b9089fd52bfa83b\"><strong><span style=\"text-decoration: underline;\">HIST\u00d2RIC EQUIPS (Temporada 22-23)<\/span><\/strong><\/p>\n\n\n\n<figure class=\"wp-block-table is-style-regular\"><table class=\"has-black-color has-white-background-color has-text-color has-background has-link-color\"><thead><tr><th class=\"has-text-align-center\" data-align=\"center\">EQUIP<\/th><th class=\"has-text-align-center\" data-align=\"center\">CATEGORIA<\/th><th class=\"has-text-align-center\" data-align=\"center\">JUGADORS\/ES<\/th><th class=\"has-text-align-center\" data-align=\"center\">POSICI\u00d3 DE GRUP<\/th><th class=\"has-text-align-center\" data-align=\"center\">POSICI\u00d3 FINAL<\/th><\/tr><\/thead><tbody><tr><td class=\"has-text-align-center\" data-align=\"center\">A<\/td><td class=\"has-text-align-center\" data-align=\"center\">Tercera B<\/td><td class=\"has-text-align-center\" data-align=\"center\">Jordi Y\u00e9tor, Xavier Corominas, Xavier Garcia Barbeta, Isidre Gil Paredes, Mart\u00ed Mas, David Selva<\/td><td class=\"has-text-align-center\" data-align=\"center\">3er<\/td><td class=\"has-text-align-center\" data-align=\"center\">11\/52<\/td><\/tr><tr><td class=\"has-text-align-center\" data-align=\"center\">B<\/td><td class=\"has-text-align-center\" data-align=\"center\">Tercera B<\/td><td class=\"has-text-align-center\" data-align=\"center\">Eduard Selva, Xavi L\u00f3pez, Rub\u00e9n Nebot, Benjam\u00ed Adell, Aleix Bernab\u00e9u, Maria Llach, David Pedragosa<\/td><td class=\"has-text-align-center\" data-align=\"center\">10\u00e8<\/td><td class=\"has-text-align-center\" data-align=\"center\">47\/52<\/td><\/tr><\/tbody><\/table><\/figure>\n\n\n\n<p><strong><span style=\"text-decoration: underline;\">HIST\u00d2RIC EQUIPS (Temporada 21-22)<\/span><\/strong><\/p>\n\n\n\n<figure class=\"wp-block-table is-style-regular\"><table class=\"has-black-color has-white-background-color has-text-color has-background has-link-color\"><thead><tr><th class=\"has-text-align-center\" data-align=\"center\">EQUIP<\/th><th class=\"has-text-align-center\" data-align=\"center\">CATEGORIA<\/th><th class=\"has-text-align-center\" data-align=\"center\">JUGADORS\/ES<\/th><th class=\"has-text-align-center\" data-align=\"center\">POSICI\u00d3 DE GRUP<\/th><th class=\"has-text-align-center\" data-align=\"center\">POSICI\u00d3 FINAL<\/th><\/tr><\/thead><tbody><tr><td class=\"has-text-align-center\" data-align=\"center\">A<\/td><td class=\"has-text-align-center\" data-align=\"center\">Tercera B<\/td><td class=\"has-text-align-center\" data-align=\"center\">Jordi Y\u00e9tor, Isidre Gil Paredes, Mart\u00ed Mas, David Selva, Alexander Mesas, Albert Polo, Sergio Fuentes<\/td><td class=\"has-text-align-center\" data-align=\"center\">3er<\/td><td class=\"has-text-align-center\" data-align=\"center\"><\/td><\/tr><tr><td class=\"has-text-align-center\" data-align=\"center\">B<\/td><td class=\"has-text-align-center\" data-align=\"center\">Tercera B<\/td><td class=\"has-text-align-center\" data-align=\"center\">Eduard Selva, Benjam\u00ed Adell, Adri\u00e0 Tremosa, Pol Palmero, Aleix Bernab\u00e9u, Ramon Cornet, Eul\u00e0lia Pou, Julio Garcia, Maria Llach<\/td><td class=\"has-text-align-center\" data-align=\"center\">7\u00e8<\/td><td class=\"has-text-align-center\" data-align=\"center\"><\/td><\/tr><\/tbody><\/table><\/figure>\n\n\n\n<p><strong><span style=\"text-decoration: underline;\">JUGADORS AMB M\u00c9S PARTITS DISPUTATS AMB EL CTTG<\/span><\/strong> (a 25\/10\/2024)<\/p>\n\n\n\n<ol class=\"wp-block-list\">\n<li>David Selva 100<\/li>\n\n\n\n<li>Jordi Y\u00e9tor 93<\/li>\n\n\n\n<li>Xavier Corominas 64<\/li>\n\n\n\n<li>Eduard Selva 54<\/li>\n\n\n\n<li>Hugo S\u00e1nchez 42<\/li>\n\n\n\n<li>Xavier Garcia Barbeta 39<\/li>\n\n\n\n<li>Mart\u00ed Mas 34<\/li>\n\n\n\n<li>Aleix Bernab\u00e9u 32<\/li>\n\n\n\n<li>Sergi Puig 28<\/li>\n\n\n\n<li>Isidre Gil 26<\/li>\n\n\n\n<li>Javier L\u00f3pez 26<\/li>\n\n\n\n<li>Benjam\u00ed Adell 26<\/li>\n<\/ol>\n","protected":false},"excerpt":{"rendered":"<p>CATEGORIA JUGADORS\/ES Primera Provincial Jordi Y\u00e9tor, Xavier Corominas, Xavier Garcia Barbeta, David Selva, Tercera A Provincial Hugo S\u00e1nchez, Pau Alcal\u00e0, Sergi Puig, Miquel Illa Quarta Provincial Eduard Selva, Dami\u00e1n Hierro, Benjam\u00ed Adell, Quim S\u00e1nchez, Pol Orihuela, Sergi Ortega, Mar Arxer, Nat\u00e0lia Carb\u00f3, Benjam\u00ed Adell, Miguel \u00c1ngel Ib\u00e1\u00f1ez, Rams\u00e9s Ninou, Josep Maria Junqueras Quarta B Veterans Eduard Selva, Dami\u00e1n Hierro, Benjam\u00ed Adell, Quim S\u00e1nchez, Josep Maria Junqueras, Miguel \u00c1ngel Ib\u00e1\u00f1ez, Llu\u00eds Reverter, Rams\u00e9s Ninou Copa Femenina Mar Arxer, Nat\u00e0lia Carb\u00f3, Meritxell Caussa, Carla Ponset\u00ed, Anna Orfila RESULTATS I CLASSIFICACI\u00d3 PROVISIONAL (25\/10\/2024) Equip A (1a Territorial de Barcelona) https:\/\/www.rtbtt.com\/lligues2425\/PRIM_G2.pdf Equip B (3\u00aaA Territorial de Barcelona) https:\/\/www.rtbtt.com\/lligues2425\/TER_A_G2.pdf Equip C (4\u00aa Territorial de Barcelona) https:\/\/www.rtbtt.com\/lligues2425\/QUA_G5.pdf Equip Veterans (4\u00aa B Veterans de Barcelona) https:\/\/www.rtbtt.com\/lligues2425\/VET4B_G1.pdf Equip Femen\u00ed (Copa Catalana Femenina) https:\/\/www.fctt.org\/ftp\/COPAFEM2425\/COPAFEM2425.pdf HIST\u00d2RIC EQUIPS (Temporada 23-24) EQUIP CATEGORIA JUGADORS\/ES POSICI\u00d3 DE GRUP POSICI\u00d3 FINAL A Tercera B Jordi Y\u00e9tor, Xavier Corominas, Xavier Garcia Barbeta, Miquel Illa, David Selva, Ferran Palaudarias, Aleix Bernabeu 2n 5\/52 B Tercera B Eduard Selva, Hugo S\u00e1nchez, Pau Alcal\u00e0, Roc Masjuan, Pol Orihuela, Sergi Puig, Brigitte Thiel 8\u00e8 47\/52 Copa Femenina Maria Jes\u00fas L\u00f3pez, Maria Bertran, Nat\u00e0lia Carb\u00f3, Brigitte Thiel 5\u00e8 9\/17 HIST\u00d2RIC EQUIPS (Temporada 22-23) EQUIP CATEGORIA JUGADORS\/ES POSICI\u00d3 DE GRUP POSICI\u00d3 FINAL A Tercera B Jordi Y\u00e9tor, Xavier Corominas, Xavier Garcia Barbeta, Isidre Gil Paredes, Mart\u00ed Mas, David Selva 3er 11\/52 B Tercera B Eduard Selva, Xavi L\u00f3pez, Rub\u00e9n Nebot, Benjam\u00ed Adell, Aleix Bernab\u00e9u, Maria Llach, David Pedragosa 10\u00e8 47\/52 HIST\u00d2RIC EQUIPS (Temporada 21-22) EQUIP CATEGORIA JUGADORS\/ES POSICI\u00d3 DE GRUP POSICI\u00d3 FINAL A Tercera B Jordi Y\u00e9tor, Isidre Gil Paredes, Mart\u00ed Mas, David Selva, Alexander Mesas, Albert Polo, Sergio Fuentes 3er B Tercera B Eduard Selva, Benjam\u00ed Adell, Adri\u00e0 Tremosa, Pol Palmero, Aleix Bernab\u00e9u, Ramon Cornet, Eul\u00e0lia Pou, Julio Garcia, Maria Llach 7\u00e8 JUGADORS AMB M\u00c9S PARTITS DISPUTATS AMB EL CTTG (a 25\/10\/2024)<\/p>\n","protected":false},"author":1,"featured_media":0,"parent":29,"menu_order":1,"comment_status":"closed","ping_status":"closed","template":"","meta":{"ngg_post_thumbnail":0,"_EventAllDay":false,"_EventTimezone":"","_EventStartDate":"","_EventEndDate":"","_EventStartDateUTC":"","_EventEndDateUTC":"","_EventShowMap":false,"_EventShowMapLink":false,"_EventURL":"","_EventCost":"","_EventCostDescription":"","_EventCurrencySymbol":"","_EventCurrencyCode":"","_EventCurrencyPosition":"","_EventDateTimeSeparator":"","_EventTimeRangeSeparator":"","_EventOrganizerID":[],"_EventVenueID":[],"_OrganizerEmail":"","_OrganizerPhone":"","_OrganizerWebsite":"","_VenueAddress":"","_VenueCity":"","_VenueCountry":"","_VenueProvince":"","_VenueState":"","_VenueZip":"","_VenuePhone":"","_VenueURL":"","_VenueStateProvince":"","_VenueLat":"","_VenueLng":"","_VenueShowMap":false,"_VenueShowMapLink":false,"footnotes":""},"class_list":["post-196","page","type-page","status-publish","hentry"],"jetpack_sharing_enabled":true,"_links":{"self":[{"href":"https:\/\/cttgranollers.cat\/index.php?rest_route=\/wp\/v2\/pages\/196","targetHints":{"allow":["GET"]}}],"collection":[{"href":"https:\/\/cttgranollers.cat\/index.php?rest_route=\/wp\/v2\/pages"}],"about":[{"href":"https:\/\/cttgranollers.cat\/index.php?rest_route=\/wp\/v2\/types\/page"}],"author":[{"embeddable":true,"href":"https:\/\/cttgranollers.cat\/index.php?rest_route=\/wp\/v2\/users\/1"}],"replies":[{"embeddable":true,"href":"https:\/\/cttgranollers.cat\/index.php?rest_route=%2Fwp%2Fv2%2Fcomments&post=196"}],"version-history":[{"count":15,"href":"https:\/\/cttgranollers.cat\/index.php?rest_route=\/wp\/v2\/pages\/196\/revisions"}],"predecessor-version":[{"id":1121,"href":"https:\/\/cttgranollers.cat\/index.php?rest_route=\/wp\/v2\/pages\/196\/revisions\/1121"}],"up":[{"embeddable":true,"href":"https:\/\/cttgranollers.cat\/index.php?rest_route=\/wp\/v2\/pages\/29"}],"wp:attachment":[{"href":"https:\/\/cttgranollers.cat\/index.php?rest_route=%2Fwp%2Fv2%2Fmedia&parent=196"}],"curies":[{"name":"wp","href":"https:\/\/api.w.org\/{rel}","templated":true}]}}