{"id":183,"date":"2024-01-29T17:41:28","date_gmt":"2024-01-29T16:41:28","guid":{"rendered":"https:\/\/cttgranollers.cat\/?page_id=183"},"modified":"2025-05-21T21:36:21","modified_gmt":"2025-05-21T19:36:21","slug":"normativa","status":"publish","type":"page","link":"https:\/\/cttgranollers.cat\/?page_id=183","title":{"rendered":"NORMATIVA I PROTOCOLS"},"content":{"rendered":"\n<p class=\"has-text-align-center has-large-font-size\">CLUB TENNIS TAULA GRANOLLERS<\/p>\n\n\n\n<p class=\"has-medium-font-size\">NORMATIVA INTERNA A COMPLIR PELS SOCIS \/ S\u00d2CIES DEL CLUB:<\/p>\n\n\n\n<p>1. Els dies d\u2019entrenaments dirigits amb professor (dilluns i dijous) a les 19.00 h. tindran<\/p>\n\n\n\n<p>prioritat en ocupar les taules les persones inscrites amb el professor, seguit dels<\/p>\n\n\n\n<p>socis\/s\u00f2cies federats\/federades, i finalment els socis\/s\u00f2cies aficionats\/aficionades.<\/p>\n\n\n\n<p>Per aix\u00f2 es numeraran les taules.<\/p>\n\n\n\n<p>2. Igualment, la resta de dies d\u2019entrenaments lliures, tindran prioritat sempre els<\/p>\n\n\n\n<p>socis\/s\u00f2cies federats\/federades en ocupar les taules, en el cas que estiguin totes les<\/p>\n\n\n\n<p>taules ocupades.<\/p>\n\n\n\n<p>3. Com a norma general, en el cas que totes les taules estiguin ocupades, el<\/p>\n\n\n\n<p>socis\/s\u00f2cies que portin m\u00e9s estona jugant, hauran de cedir les taules als socis\/s\u00f2cies<\/p>\n\n\n\n<p>que vagin arribant, intentant respectar el torn escollit.<\/p>\n\n\n\n<p>4. Cal recollir les pilotes del terra quan els socis\/s\u00f2cies acabin la seva sessi\u00f3<\/p>\n\n\n\n<p>d\u2019entrenament.<\/p>\n\n\n\n<p>5. Al final de la sessi\u00f3 d\u2019entrenament di\u00e0ria, els darrers socis\/s\u00f2cies hauran de recollir<\/p>\n\n\n\n<p>les pilotes i tamb\u00e9 la resta de material del club (recollidors, cadires, taula<\/p>\n\n\n\n<p>blanca,&#8230;&#8230;&#8230;), tancar les finestres i tancar el candau dels armaris met\u00e0l\u2219lics.<\/p>\n\n\n\n<p>6. \u00c9s recomanable que els primers socis\/s\u00f2cies en arribar, obrin algunes de les<\/p>\n\n\n\n<p>finestres, per facilitar la ventilaci\u00f3 (segons la temperatura de l\u2019\u00e8poca de l\u2019any).<\/p>\n\n\n\n<p>7. \u00c9s recomanable portar tovallola per eixugar\u2010se la suor i una bossa de pl\u00e0stic per<\/p>\n\n\n\n<p>guardar\u2010la.<\/p>\n\n\n\n<p>8. Si algun soci\/s\u00f2cia vol portar algun dia algun acompanyant puntualment, cal avisar<\/p>\n\n\n\n<p>als responsables del club.<\/p>\n\n\n\n<p>9. Cal tenir cura i respectar tot el material del club, i no colpejar les taules, ni seure al<\/p>\n\n\n\n<p>damunt de les mateixes.<\/p>\n\n\n\n<p>10. Cal tenir cura i recollir els objectes personals, aix\u00ed com recollir les deixalles personals<\/p>\n\n\n\n<p>i llan\u00e7ar\u2010ho a les escombraries existents a la sala.<\/p>\n\n\n\n<p>11. L&#8217;incompliment per part de qualsevol usuari d\u2019aquestes normes establertes<\/p>\n\n\n\n<p>facultar\u00e0 al\/s responsable\/s de la sala a expulsar a la persona infractora, at\u00e8s el<\/p>\n\n\n\n<p>comportament inc\u00edvic cap a la resta d&#8217;usuaris.<\/p>\n\n\n\n<p>NOTA: Aquestes normes s\u00f3n d\u2019obligat compliment per a tots els socis\/s\u00f2cies del Club Tennis Taula Granollers.<\/p>\n\n\n\n<div class=\"wp-block-buttons is-content-justification-center is-layout-flex wp-container-core-buttons-is-layout-d9cd0f1e wp-block-buttons-is-layout-flex\">\n<div class=\"wp-block-button\"><a class=\"wp-block-button__link has-vivid-cyan-blue-background-color has-background has-text-align-center wp-element-button\" href=\"http:\/\/cttgranollers.cat\/docs\/Normativa interna CTTG 2022.pdf\" target=\"_blank\" rel=\"noreferrer noopener\">Descarrega normativa<\/a><\/div>\n<\/div>\n\n\n\n<p><\/p>\n\n\n\n<p class=\"has-medium-font-size\"><strong>PROTOCOL DE PREVENCI\u00d3 I ABORDATGE DE LES VIOL\u00c8NCIES SEXUALS EN L&#8217;\u00c0MBIT ESPORTIU<\/strong> &#8211; CLUB TENNIS TAULA GRANOLLERS<br><\/p>\n\n\n\n<div class=\"wp-block-buttons is-content-justification-center is-layout-flex wp-container-core-buttons-is-layout-16018d1d wp-block-buttons-is-layout-flex\">\n<div class=\"wp-block-button\"><a class=\"wp-block-button__link has-vivid-purple-background-color has-background has-text-align-center wp-element-button\" href=\"http:\/\/cttgranollers.cat\/wp-content\/uploads\/2025\/05\/Protocol-CTTGranollers-1.pdf\">Descarrega el Protocol d&#8217;assetjament<\/a><\/div>\n<\/div>\n","protected":false},"excerpt":{"rendered":"<p>CLUB TENNIS TAULA GRANOLLERS NORMATIVA INTERNA A COMPLIR PELS SOCIS \/ S\u00d2CIES DEL CLUB: 1. Els dies d\u2019entrenaments dirigits amb professor (dilluns i dijous) a les 19.00 h. tindran prioritat en ocupar les taules les persones inscrites amb el professor, seguit dels socis\/s\u00f2cies federats\/federades, i finalment els socis\/s\u00f2cies aficionats\/aficionades. Per aix\u00f2 es numeraran les taules. 2. Igualment, la resta de dies d\u2019entrenaments lliures, tindran prioritat sempre els socis\/s\u00f2cies federats\/federades en ocupar les taules, en el cas que estiguin totes les taules ocupades. 3. Com a norma general, en el cas que totes les taules estiguin ocupades, el socis\/s\u00f2cies que portin m\u00e9s estona jugant, hauran de cedir les taules als socis\/s\u00f2cies que vagin arribant, intentant respectar el torn escollit. 4. Cal recollir les pilotes del terra quan els socis\/s\u00f2cies acabin la seva sessi\u00f3 d\u2019entrenament. 5. Al final de la sessi\u00f3 d\u2019entrenament di\u00e0ria, els darrers socis\/s\u00f2cies hauran de recollir les pilotes i tamb\u00e9 la resta de material del club (recollidors, cadires, taula blanca,&#8230;&#8230;&#8230;), tancar les finestres i tancar el candau dels armaris met\u00e0l\u2219lics. 6. \u00c9s recomanable que els primers socis\/s\u00f2cies en arribar, obrin algunes de les finestres, per facilitar la ventilaci\u00f3 (segons la temperatura de l\u2019\u00e8poca de l\u2019any). 7. \u00c9s recomanable portar tovallola per eixugar\u2010se la suor i una bossa de pl\u00e0stic per guardar\u2010la. 8. Si algun soci\/s\u00f2cia vol portar algun dia algun acompanyant puntualment, cal avisar als responsables del club. 9. Cal tenir cura i respectar tot el material del club, i no colpejar les taules, ni seure al damunt de les mateixes. 10. Cal tenir cura i recollir els objectes personals, aix\u00ed com recollir les deixalles personals i llan\u00e7ar\u2010ho a les escombraries existents a la sala. 11. L&#8217;incompliment per part de qualsevol usuari d\u2019aquestes normes establertes facultar\u00e0 al\/s responsable\/s de la sala a expulsar a la persona infractora, at\u00e8s el comportament inc\u00edvic cap a la resta d&#8217;usuaris. NOTA: Aquestes normes s\u00f3n d\u2019obligat compliment per a tots els socis\/s\u00f2cies del Club Tennis Taula Granollers. PROTOCOL DE PREVENCI\u00d3 I ABORDATGE DE LES VIOL\u00c8NCIES SEXUALS EN L&#8217;\u00c0MBIT ESPORTIU &#8211; CLUB TENNIS TAULA GRANOLLERS<\/p>\n","protected":false},"author":1,"featured_media":0,"parent":668,"menu_order":6,"comment_status":"closed","ping_status":"closed","template":"","meta":{"ngg_post_thumbnail":0,"_EventAllDay":false,"_EventTimezone":"","_EventStartDate":"","_EventEndDate":"","_EventStartDateUTC":"","_EventEndDateUTC":"","_EventShowMap":false,"_EventShowMapLink":false,"_EventURL":"","_EventCost":"","_EventCostDescription":"","_EventCurrencySymbol":"","_EventCurrencyCode":"","_EventCurrencyPosition":"","_EventDateTimeSeparator":"","_EventTimeRangeSeparator":"","_EventOrganizerID":[],"_EventVenueID":[],"_OrganizerEmail":"","_OrganizerPhone":"","_OrganizerWebsite":"","_VenueAddress":"","_VenueCity":"","_VenueCountry":"","_VenueProvince":"","_VenueState":"","_VenueZip":"","_VenuePhone":"","_VenueURL":"","_VenueStateProvince":"","_VenueLat":"","_VenueLng":"","_VenueShowMap":false,"_VenueShowMapLink":false,"footnotes":""},"class_list":["post-183","page","type-page","status-publish","hentry"],"jetpack_sharing_enabled":true,"_links":{"self":[{"href":"https:\/\/cttgranollers.cat\/index.php?rest_route=\/wp\/v2\/pages\/183","targetHints":{"allow":["GET"]}}],"collection":[{"href":"https:\/\/cttgranollers.cat\/index.php?rest_route=\/wp\/v2\/pages"}],"about":[{"href":"https:\/\/cttgranollers.cat\/index.php?rest_route=\/wp\/v2\/types\/page"}],"author":[{"embeddable":true,"href":"https:\/\/cttgranollers.cat\/index.php?rest_route=\/wp\/v2\/users\/1"}],"replies":[{"embeddable":true,"href":"https:\/\/cttgranollers.cat\/index.php?rest_route=%2Fwp%2Fv2%2Fcomments&post=183"}],"version-history":[{"count":9,"href":"https:\/\/cttgranollers.cat\/index.php?rest_route=\/wp\/v2\/pages\/183\/revisions"}],"predecessor-version":[{"id":1215,"href":"https:\/\/cttgranollers.cat\/index.php?rest_route=\/wp\/v2\/pages\/183\/revisions\/1215"}],"up":[{"embeddable":true,"href":"https:\/\/cttgranollers.cat\/index.php?rest_route=\/wp\/v2\/pages\/668"}],"wp:attachment":[{"href":"https:\/\/cttgranollers.cat\/index.php?rest_route=%2Fwp%2Fv2%2Fmedia&parent=183"}],"curies":[{"name":"wp","href":"https:\/\/api.w.org\/{rel}","templated":true}]}}