{"id":175,"date":"2024-01-29T17:39:51","date_gmt":"2024-01-29T16:39:51","guid":{"rendered":"https:\/\/cttgranollers.cat\/?page_id=175"},"modified":"2024-03-06T13:50:08","modified_gmt":"2024-03-06T12:50:08","slug":"qui-som","status":"publish","type":"page","link":"https:\/\/cttgranollers.cat\/?page_id=175","title":{"rendered":"QUI SOM"},"content":{"rendered":"\n<p class=\"has-large-font-size\"><strong>PROJECTE <\/strong><strong>ESPORTIU <\/strong><strong>DEL <\/strong><strong>CLUB<\/strong><\/p>\n\n\n\n<p class=\"has-medium-font-size\"><strong>1.- DADES DEL CLUB\/ QU\u00c8 \u00c9S?<\/strong><\/p>\n\n\n\n<p class=\"has-medium-font-size\">A principis de l\u2019any 2019 neix la proposta de crear un club de tennis taula a la ciutat de Granollers per part d&#8217;un grup d&#8217;aficionats i ex-jugadors federats. Trob\u00e0vem a faltar aquest esport a una ciutat esportivament tan diversa com \u00e9s Granollers. A m\u00e9s a m\u00e9s, el tennis taula \u00e9s molt arrelat a la comarca del Vall\u00e8s Oriental, i ens sorprenia com era que la capital vallesana no disposava d&#8217;aquest equipament. \u00c9s llavors, quan es comen\u00e7a a promoure la iniciativa a trav\u00e9s dels mitjans de comunicaci\u00f3 locals i les xarxes socials, i es crea un grup social per a jugar als parcs i places de la ciutat. L\u2019activitat \u00abPing- pong al Parc\u00bb, iniciada i practicada habitualment al parc Torras Vill\u00e0, ha comptat amb la participaci\u00f3 de m\u00e9s de 30 persones de totes les edats. Aquest grup estable de jugadors decideix portar la proposta a les institucions i realitzar la inscripci\u00f3 de l\u2019entitat com a club esportiu.<\/p>\n\n\n\n<p class=\"has-medium-font-size\">El 3 de desembre de l\u2019any 2019 el club va quedar oficialment registrat al Registre d\u2019Entitats Esportives de Catalunya del Consell Catal\u00e0 de l\u2019Esport de la GENERALITAT DE CATALUNYA amb el n\u00famero d\u2019inscripci\u00f3 18841, i amb la denominaci\u00f3 de club esportiu com a <strong>\u201cCLUB TENNIS<\/strong><strong>TAULA GRANOLLERS\u201d<\/strong>, i tamb\u00e9 alhora es van realitzar els tr\u00e0mits per a la inscripci\u00f3 al Registre &nbsp; Municipal d\u2019entitats i associacions ciutadanes amb el n\u00famero 540 de l\u2019Ajuntament de Granollers.<\/p>\n\n\n\n<p class=\"has-medium-font-size\">L\u2019Espai d\u2019entrenament cedit per l\u2019ajuntament es troba al Pavell\u00f3 Ol\u00edmpic (Palau d\u2019Esports de Granollers, Nivell 2), mentre que la zona de competici\u00f3 dels caps de setmana es al gimn\u00e0s de les pistes municipals d\u2019atletisme.<\/p>\n\n\n\n<p class=\"has-medium-font-size\"><strong>2.-<\/strong><strong>OBJECTIUS <\/strong><strong>DEL <\/strong><strong>CLUB.<\/strong><\/p>\n\n\n\n<p class=\"has-medium-font-size\">El Club Tennis Taula Granollers es basa en dos eixos: el social i l\u2019esportiu.<\/p>\n\n\n\n<p class=\"has-medium-font-size\">La vessant social i del lleure pret\u00e9n fomentar i difondre el tennis taula a la ciutat de Granollers, tot oferint un espai de trobada i joc a tots els aficionats i socis. El club vol ser un espai obert, integrador i participatiu. En aquest sentit el club vol oferir una \u00e0mplia socialitzaci\u00f3: activitats que fomenten les&nbsp; relacions humanes i esportives.<\/p>\n\n\n\n<p class=\"has-medium-font-size\">El Club Tennis Taula Granollers (CTTG) t\u00e9 com a gran i principal objectiu, fomentar aquest nou esport a la ciutat de Granollers, i donar-lo a con\u00e8ixer als seus habitants, per tal d\u2019oferir-li\u2019s el servei i l\u2019oportunitat de poder practicar-lo d\u2019una manera m\u00e9s habitual, en millors condicions, a cobert de la pluja (<em>indoor<\/em>), i d\u2019una manera de tipus d\u2019aficionat i\/o professional.<\/p>\n\n\n\n<p class=\"has-medium-font-size\">El Club Tennis Taula Granollers (CTTG) es una entitat federada. Vol fomentar aquest nou esport amb el treball dels entrenadors i els monitors i la formaci\u00f3 d\u2019equips federats de diversa \u00edndole: s\u00e8nior masculins, femenins, mixta o de veterans, tenint un \u00e8mfasi especial en la tecnificaci\u00f3 dels seus escolars. Pret\u00e9n ser integrador i obert, i que hi pugui participar gent de totes les edats i condicions.<\/p>\n\n\n\n<p class=\"has-medium-font-size\"><strong>3.- SITUACI\u00d3 ACTUAL ESPORTIVA I SOCIAL DEL CLUB&nbsp;<\/strong><\/p>\n\n\n\n<ul class=\"wp-block-list\">\n<li class=\"has-medium-font-size\">Club esportiu format per 55 socis \/\u00e8s, aficionats i federats. Edats dels 8 anys fins els 74 anys.<\/li>\n<\/ul>\n\n\n\n<ul class=\"wp-block-list\">\n<li class=\"has-medium-font-size\">Entrenaments diaris de dilluns a divendres.<\/li>\n<\/ul>\n\n\n\n<ul class=\"wp-block-list\">\n<li class=\"has-medium-font-size\">El Club ja compta amb una escoleta d\u2019iniciaci\u00f3 amb 15 nois i noies (entre 8 i 16 anys). Els joves del club participen en competicions escolars comarcals i de la FCTT (Circuit Promeses).<\/li>\n<\/ul>\n\n\n\n<ul class=\"wp-block-list\">\n<li class=\"has-medium-font-size\">Entrenadors externs i monitors propis.<\/li>\n<\/ul>\n\n\n\n<ul class=\"wp-block-list\">\n<li class=\"has-medium-font-size\">Tercera temporada com a entitat federada (Federaci\u00f3 Catalana de Tennis Taula). Equip A i Equip B (3a territorial B).\n<ul class=\"wp-block-list\">\n<li>Equip CTT GRANOLLERS A lluita per l\u2019ascens de la categoria (temporada passada va quedar en tercer posici\u00f3 del seu grup)<\/li>\n\n\n\n<li>Nou Equip Copa Femenina CTT Granollers- NYX TT<\/li>\n<\/ul>\n<\/li>\n<\/ul>\n\n\n\n<ul class=\"wp-block-list\">\n<li class=\"has-medium-font-size\">Celebraci\u00f3 Torneig de Nadal i de final de temporada amb diverses categories. Participaci\u00f3 en diverses activitats socials i municipals (La Marat\u00f3 de TV3, PINGRA, Fira d\u2019entitats al Carrer, <em>Special Olympics<\/em>, etc&#8230;)<\/li>\n<\/ul>\n","protected":false},"excerpt":{"rendered":"<p>PROJECTE ESPORTIU DEL CLUB 1.- DADES DEL CLUB\/ QU\u00c8 \u00c9S? A principis de l\u2019any 2019 neix la proposta de crear un club de tennis taula a la ciutat de Granollers per part d&#8217;un grup d&#8217;aficionats i ex-jugadors federats. Trob\u00e0vem a faltar aquest esport a una ciutat esportivament tan diversa com \u00e9s Granollers. A m\u00e9s a m\u00e9s, el tennis taula \u00e9s molt arrelat a la comarca del Vall\u00e8s Oriental, i ens sorprenia com era que la capital vallesana no disposava d&#8217;aquest equipament. \u00c9s llavors, quan es comen\u00e7a a promoure la iniciativa a trav\u00e9s dels mitjans de comunicaci\u00f3 locals i les xarxes socials, i es crea un grup social per a jugar als parcs i places de la ciutat. L\u2019activitat \u00abPing- pong al Parc\u00bb, iniciada i practicada habitualment al parc Torras Vill\u00e0, ha comptat amb la participaci\u00f3 de m\u00e9s de 30 persones de totes les edats. Aquest grup estable de jugadors decideix portar la proposta a les institucions i realitzar la inscripci\u00f3 de l\u2019entitat com a club esportiu. El 3 de desembre de l\u2019any 2019 el club va quedar oficialment registrat al Registre d\u2019Entitats Esportives de Catalunya del Consell Catal\u00e0 de l\u2019Esport de la GENERALITAT DE CATALUNYA amb el n\u00famero d\u2019inscripci\u00f3 18841, i amb la denominaci\u00f3 de club esportiu com a \u201cCLUB TENNISTAULA GRANOLLERS\u201d, i tamb\u00e9 alhora es van realitzar els tr\u00e0mits per a la inscripci\u00f3 al Registre &nbsp; Municipal d\u2019entitats i associacions ciutadanes amb el n\u00famero 540 de l\u2019Ajuntament de Granollers. L\u2019Espai d\u2019entrenament cedit per l\u2019ajuntament es troba al Pavell\u00f3 Ol\u00edmpic (Palau d\u2019Esports de Granollers, Nivell 2), mentre que la zona de competici\u00f3 dels caps de setmana es al gimn\u00e0s de les pistes municipals d\u2019atletisme. 2.-OBJECTIUS DEL CLUB. El Club Tennis Taula Granollers es basa en dos eixos: el social i l\u2019esportiu. La vessant social i del lleure pret\u00e9n fomentar i difondre el tennis taula a la ciutat de Granollers, tot oferint un espai de trobada i joc a tots els aficionats i socis. El club vol ser un espai obert, integrador i participatiu. En aquest sentit el club vol oferir una \u00e0mplia socialitzaci\u00f3: activitats que fomenten les&nbsp; relacions humanes i esportives. El Club Tennis Taula Granollers (CTTG) t\u00e9 com a gran i principal objectiu, fomentar aquest nou esport a la ciutat de Granollers, i donar-lo a con\u00e8ixer als seus habitants, per tal d\u2019oferir-li\u2019s el servei i l\u2019oportunitat de poder practicar-lo d\u2019una manera m\u00e9s habitual, en millors condicions, a cobert de la pluja (indoor), i d\u2019una manera de tipus d\u2019aficionat i\/o professional. El Club Tennis Taula Granollers (CTTG) es una entitat federada. Vol fomentar aquest nou esport amb el treball dels entrenadors i els monitors i la formaci\u00f3 d\u2019equips federats de diversa \u00edndole: s\u00e8nior masculins, femenins, mixta o de veterans, tenint un \u00e8mfasi especial en la tecnificaci\u00f3 dels seus escolars. Pret\u00e9n ser integrador i obert, i que hi pugui participar gent de totes les edats i condicions. 3.- SITUACI\u00d3 ACTUAL ESPORTIVA I SOCIAL DEL CLUB&nbsp;<\/p>\n","protected":false},"author":1,"featured_media":0,"parent":668,"menu_order":1,"comment_status":"closed","ping_status":"closed","template":"","meta":{"ngg_post_thumbnail":0,"_EventAllDay":false,"_EventTimezone":"","_EventStartDate":"","_EventEndDate":"","_EventStartDateUTC":"","_EventEndDateUTC":"","_EventShowMap":false,"_EventShowMapLink":false,"_EventURL":"","_EventCost":"","_EventCostDescription":"","_EventCurrencySymbol":"","_EventCurrencyCode":"","_EventCurrencyPosition":"","_EventDateTimeSeparator":"","_EventTimeRangeSeparator":"","_EventOrganizerID":[],"_EventVenueID":[],"_OrganizerEmail":"","_OrganizerPhone":"","_OrganizerWebsite":"","_VenueAddress":"","_VenueCity":"","_VenueCountry":"","_VenueProvince":"","_VenueState":"","_VenueZip":"","_VenuePhone":"","_VenueURL":"","_VenueStateProvince":"","_VenueLat":"","_VenueLng":"","_VenueShowMap":false,"_VenueShowMapLink":false,"footnotes":""},"class_list":["post-175","page","type-page","status-publish","hentry"],"jetpack_sharing_enabled":true,"_links":{"self":[{"href":"https:\/\/cttgranollers.cat\/index.php?rest_route=\/wp\/v2\/pages\/175","targetHints":{"allow":["GET"]}}],"collection":[{"href":"https:\/\/cttgranollers.cat\/index.php?rest_route=\/wp\/v2\/pages"}],"about":[{"href":"https:\/\/cttgranollers.cat\/index.php?rest_route=\/wp\/v2\/types\/page"}],"author":[{"embeddable":true,"href":"https:\/\/cttgranollers.cat\/index.php?rest_route=\/wp\/v2\/users\/1"}],"replies":[{"embeddable":true,"href":"https:\/\/cttgranollers.cat\/index.php?rest_route=%2Fwp%2Fv2%2Fcomments&post=175"}],"version-history":[{"count":4,"href":"https:\/\/cttgranollers.cat\/index.php?rest_route=\/wp\/v2\/pages\/175\/revisions"}],"predecessor-version":[{"id":903,"href":"https:\/\/cttgranollers.cat\/index.php?rest_route=\/wp\/v2\/pages\/175\/revisions\/903"}],"up":[{"embeddable":true,"href":"https:\/\/cttgranollers.cat\/index.php?rest_route=\/wp\/v2\/pages\/668"}],"wp:attachment":[{"href":"https:\/\/cttgranollers.cat\/index.php?rest_route=%2Fwp%2Fv2%2Fmedia&parent=175"}],"curies":[{"name":"wp","href":"https:\/\/api.w.org\/{rel}","templated":true}]}}